{"id":1424,"date":"2020-01-06T16:41:42","date_gmt":"2020-01-06T19:41:42","guid":{"rendered":"https:\/\/bikingbuenosaires.com\/frequently-asked-questions\/"},"modified":"2026-02-15T15:06:21","modified_gmt":"2026-02-15T18:06:21","slug":"frequently-asked-questions","status":"publish","type":"page","link":"https:\/\/bikingbuenosaires.com\/pt-br\/frequently-asked-questions\/","title":{"rendered":"Frequently asked questions"},"content":{"rendered":"<section class=\"page_content\">\n<div class=\"container\">\n<h1 class=\"section_title\">Perguntas <span>Frequentes<\/span><\/h1>\n<div class=\"row justify-content-center\">\n<div class=\"col-lg-10\">\n<div class=\"accordion\" id=\"faqAccordion\">\n<p>                    <!-- FAQ 1 --><\/p>\n<div class=\"card border-0 mb-3\">\n<div class=\"card-header bg-light\" id=\"faq1\">\n<h5 class=\"mb-0\">\n                                <button class=\"btn btn-link text-left w-100 text-dark font-weight-bold\" type=\"button\" data-toggle=\"collapse\" data-target=\"#collapse1\" aria-expanded=\"true\" aria-controls=\"collapse1\"><br \/>\n                                    Com quanta anteced\u00eancia devo fazer a reserva?<br \/>\n                                <\/button><br \/>\n                            <\/h5>\n<\/p><\/div>\n<div id=\"collapse1\" class=\"collapse show\" aria-labelledby=\"faq1\" data-parent=\"#faqAccordion\">\n<div class=\"card-body\">\n<p>Quanto antes, melhor! Se o tour ainda n\u00e3o estiver lotado (m\u00e1ximo de 12 pessoas), as reservas online permanecem abertas at\u00e9 duas horas antes do hor\u00e1rio programado (14 horas para o Tigre Bike &#038; Kayak Day Tour).<\/p>\n<\/p><\/div>\n<\/p><\/div>\n<\/p><\/div>\n<p>                    <!-- FAQ 2 --><\/p>\n<div class=\"card border-0 mb-3\">\n<div class=\"card-header bg-light\" id=\"faq2\">\n<h5 class=\"mb-0\">\n                                <button class=\"btn btn-link text-left w-100 text-dark font-weight-bold collapsed\" type=\"button\" data-toggle=\"collapse\" data-target=\"#collapse2\" aria-expanded=\"false\" aria-controls=\"collapse2\"><br \/>\n                                    Onde e quando os tours come\u00e7am\/terminam?<br \/>\n                                <\/button><br \/>\n                            <\/h5>\n<\/p><\/div>\n<div id=\"collapse2\" class=\"collapse\" aria-labelledby=\"faq2\" data-parent=\"#faqAccordion\">\n<div class=\"card-body\">\n<p>Todos os tours terminam no mesmo local onde come\u00e7aram. Por favor, reserve com anteced\u00eancia para confirmar suas vagas, pois permitimos no m\u00e1ximo 12 pessoas por tour. Os hor\u00e1rios est\u00e3o sujeitos a altera\u00e7\u00f5es conforme a temporada. Consulte as p\u00e1ginas individuais dos tours para obter informa\u00e7\u00f5es atualizadas sobre ofertas, hor\u00e1rios de in\u00edcio e locais de partida.<\/p>\n<\/p><\/div>\n<\/p><\/div>\n<\/p><\/div>\n<p>                    <!-- FAQ 3 --><\/p>\n<div class=\"card border-0 mb-3\">\n<div class=\"card-header bg-light\" id=\"faq3\">\n<h5 class=\"mb-0\">\n                                <button class=\"btn btn-link text-left w-100 text-dark font-weight-bold collapsed\" type=\"button\" data-toggle=\"collapse\" data-target=\"#collapse3\" aria-expanded=\"false\" aria-controls=\"collapse3\"><br \/>\n                                    Os tours s\u00e3o cancelados em caso de chuva?<br \/>\n                                <\/button><br \/>\n                            <\/h5>\n<\/p><\/div>\n<div id=\"collapse3\" class=\"collapse\" aria-labelledby=\"faq3\" data-parent=\"#faqAccordion\">\n<div class=\"card-body\">\n<p>Conforme a Se\u00e7\u00e3o 10 dos nossos <a href=\"https:\/\/bikingbuenosaires.com\/pt-br\/termos-e-condicoes\/\">Termos e Condi\u00e7\u00f5es<\/a>: 10.6 Pol\u00edtica de Chuva &#8211; Em caso de chuva, presume-se que o tour ser\u00e1 realizado conforme programado, a menos que o Biking BA notifique o passageiro. O Biking BA cancelar\u00e1 o tour em casos de condi\u00e7\u00f5es clim\u00e1ticas extremas que comprometam a seguran\u00e7a dos passageiros, incluindo raios, trov\u00f5es e\/ou inunda\u00e7\u00f5es. O Biking BA fornece capas de chuva e outras medidas para amenizar o clima, portanto, se o tour sair e o passageiro decidir cancelar sua reserva, ele\/ela ser\u00e1 reembolsado(a) em 50% do pagamento ou receber\u00e1 100% de cr\u00e9dito para um tour futuro de valor igual ou menor.<\/p>\n<\/p><\/div>\n<\/p><\/div>\n<\/p><\/div>\n<p>                    <!-- FAQ 4 --><\/p>\n<div class=\"card border-0 mb-3\">\n<div class=\"card-header bg-light\" id=\"faq4\">\n<h5 class=\"mb-0\">\n                                <button class=\"btn btn-link text-left w-100 text-dark font-weight-bold collapsed\" type=\"button\" data-toggle=\"collapse\" data-target=\"#collapse4\" aria-expanded=\"false\" aria-controls=\"collapse4\"><br \/>\n                                    Qual \u00e9 o n\u00edvel de dificuldade dos tours de bicicleta?<br \/>\n                                <\/button><br \/>\n                            <\/h5>\n<\/p><\/div>\n<div id=\"collapse4\" class=\"collapse\" aria-labelledby=\"faq4\" data-parent=\"#faqAccordion\">\n<div class=\"card-body\">\n<p>F\u00e1cil a m\u00e9dio. Todos os tours de meio dia e tem\u00e1ticos s\u00e3o de n\u00edvel f\u00e1cil, pois andamos em um ritmo tranquilo e Buenos Aires \u00e9 uma cidade muito plana. O Ultimate City Tour (dia inteiro) classificamos como n\u00edvel m\u00e9dio de dificuldade apenas porque cobrimos muito terreno, 26km ou 16 milhas. Embora seja nosso tour mais popular, recomendamos outras op\u00e7\u00f5es de tour se voc\u00ea for sens\u00edvel ao calor, n\u00e3o anda de bicicleta h\u00e1 muito tempo, tem press\u00e3o baixa ou outros problemas de sa\u00fade. Fornecemos \u00e1gua em todos os tours!<\/p>\n<\/p><\/div>\n<\/p><\/div>\n<\/p><\/div>\n<p>                    <!-- FAQ 5 --><\/p>\n<div class=\"card border-0 mb-3\">\n<div class=\"card-header bg-light\" id=\"faq5\">\n<h5 class=\"mb-0\">\n                                <button class=\"btn btn-link text-left w-100 text-dark font-weight-bold collapsed\" type=\"button\" data-toggle=\"collapse\" data-target=\"#collapse5\" aria-expanded=\"false\" aria-controls=\"collapse5\"><br \/>\n                                    Em quais idiomas os tours s\u00e3o oferecidos?<br \/>\n                                <\/button><br \/>\n                            <\/h5>\n<\/p><\/div>\n<div id=\"collapse5\" class=\"collapse\" aria-labelledby=\"faq5\" data-parent=\"#faqAccordion\">\n<div class=\"card-body\">\n<p>Todos os nossos tours regulares em grupo s\u00e3o oferecidos em ingl\u00eas. Tours em espanhol e portugu\u00eas podem ser realizados como tours privados, desde que haja um guia dispon\u00edvel. Ocasionalmente, podemos ter guias que falam outros idiomas \u2013 entre em contato conosco pelo info@bikingbuenosaires.com para solicita\u00e7\u00f5es de idiomas espec\u00edficos.<\/p>\n<\/p><\/div>\n<\/p><\/div>\n<\/p><\/div>\n<p>                    <!-- FAQ 6 --><\/p>\n<div class=\"card border-0 mb-3\">\n<div class=\"card-header bg-light\" id=\"faq6\">\n<h5 class=\"mb-0\">\n                                <button class=\"btn btn-link text-left w-100 text-dark font-weight-bold collapsed\" type=\"button\" data-toggle=\"collapse\" data-target=\"#collapse6\" aria-expanded=\"false\" aria-controls=\"collapse6\"><br \/>\n                                    Menores de idade podem participar dos tours?<br \/>\n                                <\/button><br \/>\n                            <\/h5>\n<\/p><\/div>\n<div id=\"collapse6\" class=\"collapse\" aria-labelledby=\"faq6\" data-parent=\"#faqAccordion\">\n<div class=\"card-body\">\n<p>Para tours em grupo, permitimos apenas passageiros com 12 anos ou mais. Para fam\u00edlias com crian\u00e7as, temos tours privados dispon\u00edveis mediante solicita\u00e7\u00e3o por e-mail ou telefone.<\/p>\n<\/p><\/div>\n<\/p><\/div>\n<\/p><\/div>\n<p>                    <!-- FAQ 7 --><\/p>\n<div class=\"card border-0 mb-3\">\n<div class=\"card-header bg-light\" id=\"faq7\">\n<h5 class=\"mb-0\">\n                                <button class=\"btn btn-link text-left w-100 text-dark font-weight-bold collapsed\" type=\"button\" data-toggle=\"collapse\" data-target=\"#collapse7\" aria-expanded=\"false\" aria-controls=\"collapse7\"><br \/>\n                                    Quantos ciclistas s\u00e3o permitidos nos tours em grupo?<br \/>\n                                <\/button><br \/>\n                            <\/h5>\n<\/p><\/div>\n<div id=\"collapse7\" class=\"collapse\" aria-labelledby=\"faq7\" data-parent=\"#faqAccordion\">\n<div class=\"card-body\">\n<p>N\u00e3o h\u00e1 m\u00ednimo e nosso m\u00e1ximo \u00e9 de 12 passageiros por quest\u00f5es de seguran\u00e7a, para manter uma experi\u00eancia mais pessoal e um ritmo de pedalada constante. Tours com mais de 5 pessoas ser\u00e3o acompanhados por um segundo guia para ajudar a conduzir o grupo. Para tours de empresas, permitimos at\u00e9 20 passageiros, pois o grupo ser\u00e1 acompanhado por dois ou mais guias o tempo todo.<\/p>\n<\/p><\/div>\n<\/p><\/div>\n<\/p><\/div>\n<p>                    <!-- FAQ 8 --><\/p>\n<div class=\"card border-0 mb-3\">\n<div class=\"card-header bg-light\" id=\"faq8\">\n<h5 class=\"mb-0\">\n                                <button class=\"btn btn-link text-left w-100 text-dark font-weight-bold collapsed\" type=\"button\" data-toggle=\"collapse\" data-target=\"#collapse8\" aria-expanded=\"false\" aria-controls=\"collapse8\"><br \/>\n                                    Os tours de bicicleta s\u00e3o seguros?<br \/>\n                                <\/button><br \/>\n                            <\/h5>\n<\/p><\/div>\n<div id=\"collapse8\" class=\"collapse\" aria-labelledby=\"faq8\" data-parent=\"#faqAccordion\">\n<div class=\"card-body\">\n<p>Sim! Percorremos muitas ciclovias e ruas secund\u00e1rias, evitando o tr\u00e2nsito sempre que poss\u00edvel; no entanto, para visitar partes \u00fanicas da cidade, o tr\u00e2nsito pode ser inevit\u00e1vel. Capacetes s\u00e3o fornecidos, altamente recomendados e permanecem com a bicicleta durante todo o tour. No caso infeliz de um acidente, nossos guias est\u00e3o totalmente preparados com equipamentos de primeiros socorros e informa\u00e7\u00f5es de contato de emerg\u00eancia. Todos os ciclistas est\u00e3o segurados durante o tour.<\/p>\n<\/p><\/div>\n<\/p><\/div>\n<\/p><\/div>\n<p>                    <!-- FAQ 9 --><\/p>\n<div class=\"card border-0 mb-3\">\n<div class=\"card-header bg-light\" id=\"faq9\">\n<h5 class=\"mb-0\">\n                                <button class=\"btn btn-link text-left w-100 text-dark font-weight-bold collapsed\" type=\"button\" data-toggle=\"collapse\" data-target=\"#collapse9\" aria-expanded=\"false\" aria-controls=\"collapse9\"><br \/>\n                                    Qual \u00e9 a diferen\u00e7a entre um tour em grupo e um tour privado?<br \/>\n                                <\/button><br \/>\n                            <\/h5>\n<\/p><\/div>\n<div id=\"collapse9\" class=\"collapse\" aria-labelledby=\"faq9\" data-parent=\"#faqAccordion\">\n<div class=\"card-body\">\n<p>Tours em grupo s\u00e3o agendados e abertos ao p\u00fablico; enquanto um tour privado \u00e9 fechado para reservas &#8220;p\u00fablicas&#8221; e adaptado aos interesses e necessidades do cliente. Recomendamos tours privados para fam\u00edlias, rec\u00e9m-casados, eventos corporativos, idosos e qualquer pessoa que deseje pedalar no seu pr\u00f3prio ritmo. Aqueles que fazem tours privados podem personalizar o tour solicitando altera\u00e7\u00f5es de rota com anteced\u00eancia.<\/p>\n<\/p><\/div>\n<\/p><\/div>\n<\/p><\/div>\n<p>                    <!-- FAQ 10 --><\/p>\n<div class=\"card border-0 mb-3\">\n<div class=\"card-header bg-light\" id=\"faq10\">\n<h5 class=\"mb-0\">\n                                <button class=\"btn btn-link text-left w-100 text-dark font-weight-bold collapsed\" type=\"button\" data-toggle=\"collapse\" data-target=\"#collapse10\" aria-expanded=\"false\" aria-controls=\"collapse10\"><br \/>\n                                    Quais formas de pagamento voc\u00eas aceitam?<br \/>\n                                <\/button><br \/>\n                            <\/h5>\n<\/p><\/div>\n<div id=\"collapse10\" class=\"collapse\" aria-labelledby=\"faq10\" data-parent=\"#faqAccordion\">\n<div class=\"card-body\">\n<p>Reservas online s\u00e3o aceitas por cart\u00f5es de cr\u00e9dito (Visa, Mastercard, American Express, Discover). Tamb\u00e9m aceitamos pagamento em dinheiro no dia do tour para o Ultimate City Tour, Heart of the City Tour e ArchitecTour durante nossa baixa temporada (abril-outubro).<\/p>\n<\/p><\/div>\n<\/p><\/div>\n<\/p><\/div>\n<p>                    <!-- FAQ 11 --><\/p>\n<div class=\"card border-0 mb-3\">\n<div class=\"card-header bg-light\" id=\"faq11\">\n<h5 class=\"mb-0\">\n                                <button class=\"btn btn-link text-left w-100 text-dark font-weight-bold collapsed\" type=\"button\" data-toggle=\"collapse\" data-target=\"#collapse11\" aria-expanded=\"false\" aria-controls=\"collapse11\"><br \/>\n                                    Como fa\u00e7o para reservar um tour de bicicleta?<br \/>\n                                <\/button><br \/>\n                            <\/h5>\n<\/p><\/div>\n<div id=\"collapse11\" class=\"collapse\" aria-labelledby=\"faq11\" data-parent=\"#faqAccordion\">\n<div class=\"card-body\">\n<p>Voc\u00ea pode reservar <a href=\"https:\/\/bikingbuenosaires.com\/pt-br\/\">aqui<\/a>, ligar para +54 11 4300 5373 ou enviar um e-mail para info@bikingbuenosaires.com<\/p>\n<\/p><\/div>\n<\/p><\/div>\n<\/p><\/div>\n<\/p><\/div>\n<\/p><\/div>\n<\/p><\/div>\n<\/p><\/div>\n<\/section>\n","protected":false},"excerpt":{"rendered":"<p>Perguntas Frequentes Com quanta anteced\u00eancia devo fazer a reserva? Quanto antes, melhor! Se o tour ainda n\u00e3o estiver lotado (m\u00e1ximo de 12 pessoas), as reservas online permanecem abertas at\u00e9 duas horas antes do hor\u00e1rio programado (14 horas para o Tigre Bike &#038; Kayak Day Tour). Onde e quando os tours come\u00e7am\/terminam? Todos os tours terminam [&#8230;]<\/p>\n<p><a class=\"btn btn-secondary understrap-read-more-link\" href=\"https:\/\/bikingbuenosaires.com\/pt-br\/frequently-asked-questions\/\">Leia mais&#8230;<\/a><\/p>\n","protected":false},"author":1,"featured_media":1389,"parent":0,"menu_order":41,"comment_status":"closed","ping_status":"closed","template":"","meta":{"_acf_changed":false,"footnotes":""},"class_list":["post-1424","page","type-page","status-publish","has-post-thumbnail","hentry"],"acf":[],"yoast_head":"<!-- This site is optimized with the Yoast SEO plugin v27.2 - https:\/\/yoast.com\/product\/yoast-seo-wordpress\/ -->\n<title>Frequently asked questions - Biking Buenos Aires<\/title>\n<meta name=\"robots\" content=\"index, follow, max-snippet:-1, max-image-preview:large, max-video-preview:-1\" \/>\n<link rel=\"canonical\" href=\"https:\/\/bikingbuenosaires.com\/pt-br\/frequently-asked-questions\/\" \/>\n<meta property=\"og:locale\" content=\"pt_BR\" \/>\n<meta property=\"og:type\" content=\"article\" \/>\n<meta property=\"og:title\" content=\"Frequently asked questions - Biking Buenos Aires\" \/>\n<meta property=\"og:description\" content=\"Perguntas Frequentes Com quanta anteced\u00eancia devo fazer a reserva? Quanto antes, melhor! Se o tour ainda n\u00e3o estiver lotado (m\u00e1ximo de 12 pessoas), as reservas online permanecem abertas at\u00e9 duas horas antes do hor\u00e1rio programado (14 horas para o Tigre Bike &#038; Kayak Day Tour). Onde e quando os tours come\u00e7am\/terminam? Todos os tours terminam [...]Leia mais...\" \/>\n<meta property=\"og:url\" content=\"https:\/\/bikingbuenosaires.com\/pt-br\/frequently-asked-questions\/\" \/>\n<meta property=\"og:site_name\" content=\"Biking Buenos Aires\" \/>\n<meta property=\"article:modified_time\" content=\"2026-02-15T18:06:21+00:00\" \/>\n<meta property=\"og:image\" content=\"https:\/\/bikingbuenosaires.com\/wp-content\/uploads\/2019\/10\/faq.jpg\" \/>\n\t<meta property=\"og:image:width\" content=\"1200\" \/>\n\t<meta property=\"og:image:height\" content=\"800\" \/>\n\t<meta property=\"og:image:type\" content=\"image\/jpeg\" \/>\n<meta name=\"twitter:card\" content=\"summary_large_image\" \/>\n<meta name=\"twitter:label1\" content=\"Est. tempo de leitura\" \/>\n\t<meta name=\"twitter:data1\" content=\"4 minutos\" \/>\n<script type=\"application\/ld+json\" class=\"yoast-schema-graph\">{\"@context\":\"https:\/\/schema.org\",\"@graph\":[{\"@type\":\"WebPage\",\"@id\":\"https:\/\/bikingbuenosaires.com\/pt-br\/frequently-asked-questions\/\",\"url\":\"https:\/\/bikingbuenosaires.com\/pt-br\/frequently-asked-questions\/\",\"name\":\"Frequently asked questions - Biking Buenos Aires\",\"isPartOf\":{\"@id\":\"https:\/\/bikingbuenosaires.com\/pt-br\/#website\"},\"primaryImageOfPage\":{\"@id\":\"https:\/\/bikingbuenosaires.com\/pt-br\/frequently-asked-questions\/#primaryimage\"},\"image\":{\"@id\":\"https:\/\/bikingbuenosaires.com\/pt-br\/frequently-asked-questions\/#primaryimage\"},\"thumbnailUrl\":\"https:\/\/bikingbuenosaires.com\/wp-content\/uploads\/2019\/10\/faq.jpg\",\"datePublished\":\"2020-01-06T19:41:42+00:00\",\"dateModified\":\"2026-02-15T18:06:21+00:00\",\"breadcrumb\":{\"@id\":\"https:\/\/bikingbuenosaires.com\/pt-br\/frequently-asked-questions\/#breadcrumb\"},\"inLanguage\":\"pt-BR\",\"potentialAction\":[{\"@type\":\"ReadAction\",\"target\":[\"https:\/\/bikingbuenosaires.com\/pt-br\/frequently-asked-questions\/\"]}]},{\"@type\":\"ImageObject\",\"inLanguage\":\"pt-BR\",\"@id\":\"https:\/\/bikingbuenosaires.com\/pt-br\/frequently-asked-questions\/#primaryimage\",\"url\":\"https:\/\/bikingbuenosaires.com\/wp-content\/uploads\/2019\/10\/faq.jpg\",\"contentUrl\":\"https:\/\/bikingbuenosaires.com\/wp-content\/uploads\/2019\/10\/faq.jpg\",\"width\":1200,\"height\":800,\"caption\":\"Frequently asked questions\"},{\"@type\":\"BreadcrumbList\",\"@id\":\"https:\/\/bikingbuenosaires.com\/pt-br\/frequently-asked-questions\/#breadcrumb\",\"itemListElement\":[{\"@type\":\"ListItem\",\"position\":1,\"name\":\"Home\",\"item\":\"https:\/\/bikingbuenosaires.com\/pt-br\/\"},{\"@type\":\"ListItem\",\"position\":2,\"name\":\"Frequently asked questions\"}]},{\"@type\":\"WebSite\",\"@id\":\"https:\/\/bikingbuenosaires.com\/pt-br\/#website\",\"url\":\"https:\/\/bikingbuenosaires.com\/pt-br\/\",\"name\":\"Biking Buenos Aires\",\"description\":\"Seamless adventures on two wheels. We design shortcuts to Porte\u00f1o cultures for demanding travelers in a rush. Book online!\",\"publisher\":{\"@id\":\"https:\/\/bikingbuenosaires.com\/pt-br\/#organization\"},\"potentialAction\":[{\"@type\":\"SearchAction\",\"target\":{\"@type\":\"EntryPoint\",\"urlTemplate\":\"https:\/\/bikingbuenosaires.com\/pt-br\/?s={search_term_string}\"},\"query-input\":{\"@type\":\"PropertyValueSpecification\",\"valueRequired\":true,\"valueName\":\"search_term_string\"}}],\"inLanguage\":\"pt-BR\"},{\"@type\":\"Organization\",\"@id\":\"https:\/\/bikingbuenosaires.com\/pt-br\/#organization\",\"name\":\"Biking Buenos Aires\",\"url\":\"https:\/\/bikingbuenosaires.com\/pt-br\/\",\"logo\":{\"@type\":\"ImageObject\",\"inLanguage\":\"pt-BR\",\"@id\":\"https:\/\/bikingbuenosaires.com\/pt-br\/#\/schema\/logo\/image\/\",\"url\":\"https:\/\/bikingbuenosaires.com\/wp-content\/uploads\/2019\/09\/logo-sticky.png\",\"contentUrl\":\"https:\/\/bikingbuenosaires.com\/wp-content\/uploads\/2019\/09\/logo-sticky.png\",\"width\":72,\"height\":21,\"caption\":\"Biking Buenos Aires\"},\"image\":{\"@id\":\"https:\/\/bikingbuenosaires.com\/pt-br\/#\/schema\/logo\/image\/\"}}]}<\/script>\n<!-- \/ Yoast SEO plugin. -->","yoast_head_json":{"title":"Frequently asked questions - Biking Buenos Aires","robots":{"index":"index","follow":"follow","max-snippet":"max-snippet:-1","max-image-preview":"max-image-preview:large","max-video-preview":"max-video-preview:-1"},"canonical":"https:\/\/bikingbuenosaires.com\/pt-br\/frequently-asked-questions\/","og_locale":"pt_BR","og_type":"article","og_title":"Frequently asked questions - Biking Buenos Aires","og_description":"Perguntas Frequentes Com quanta anteced\u00eancia devo fazer a reserva? Quanto antes, melhor! Se o tour ainda n\u00e3o estiver lotado (m\u00e1ximo de 12 pessoas), as reservas online permanecem abertas at\u00e9 duas horas antes do hor\u00e1rio programado (14 horas para o Tigre Bike &#038; Kayak Day Tour). Onde e quando os tours come\u00e7am\/terminam? Todos os tours terminam [...]Leia mais...","og_url":"https:\/\/bikingbuenosaires.com\/pt-br\/frequently-asked-questions\/","og_site_name":"Biking Buenos Aires","article_modified_time":"2026-02-15T18:06:21+00:00","og_image":[{"width":1200,"height":800,"url":"https:\/\/bikingbuenosaires.com\/wp-content\/uploads\/2019\/10\/faq.jpg","type":"image\/jpeg"}],"twitter_card":"summary_large_image","twitter_misc":{"Est. tempo de leitura":"4 minutos"},"schema":{"@context":"https:\/\/schema.org","@graph":[{"@type":"WebPage","@id":"https:\/\/bikingbuenosaires.com\/pt-br\/frequently-asked-questions\/","url":"https:\/\/bikingbuenosaires.com\/pt-br\/frequently-asked-questions\/","name":"Frequently asked questions - Biking Buenos Aires","isPartOf":{"@id":"https:\/\/bikingbuenosaires.com\/pt-br\/#website"},"primaryImageOfPage":{"@id":"https:\/\/bikingbuenosaires.com\/pt-br\/frequently-asked-questions\/#primaryimage"},"image":{"@id":"https:\/\/bikingbuenosaires.com\/pt-br\/frequently-asked-questions\/#primaryimage"},"thumbnailUrl":"https:\/\/bikingbuenosaires.com\/wp-content\/uploads\/2019\/10\/faq.jpg","datePublished":"2020-01-06T19:41:42+00:00","dateModified":"2026-02-15T18:06:21+00:00","breadcrumb":{"@id":"https:\/\/bikingbuenosaires.com\/pt-br\/frequently-asked-questions\/#breadcrumb"},"inLanguage":"pt-BR","potentialAction":[{"@type":"ReadAction","target":["https:\/\/bikingbuenosaires.com\/pt-br\/frequently-asked-questions\/"]}]},{"@type":"ImageObject","inLanguage":"pt-BR","@id":"https:\/\/bikingbuenosaires.com\/pt-br\/frequently-asked-questions\/#primaryimage","url":"https:\/\/bikingbuenosaires.com\/wp-content\/uploads\/2019\/10\/faq.jpg","contentUrl":"https:\/\/bikingbuenosaires.com\/wp-content\/uploads\/2019\/10\/faq.jpg","width":1200,"height":800,"caption":"Frequently asked questions"},{"@type":"BreadcrumbList","@id":"https:\/\/bikingbuenosaires.com\/pt-br\/frequently-asked-questions\/#breadcrumb","itemListElement":[{"@type":"ListItem","position":1,"name":"Home","item":"https:\/\/bikingbuenosaires.com\/pt-br\/"},{"@type":"ListItem","position":2,"name":"Frequently asked questions"}]},{"@type":"WebSite","@id":"https:\/\/bikingbuenosaires.com\/pt-br\/#website","url":"https:\/\/bikingbuenosaires.com\/pt-br\/","name":"Biking Buenos Aires","description":"Seamless adventures on two wheels. We design shortcuts to Porte\u00f1o cultures for demanding travelers in a rush. Book online!","publisher":{"@id":"https:\/\/bikingbuenosaires.com\/pt-br\/#organization"},"potentialAction":[{"@type":"SearchAction","target":{"@type":"EntryPoint","urlTemplate":"https:\/\/bikingbuenosaires.com\/pt-br\/?s={search_term_string}"},"query-input":{"@type":"PropertyValueSpecification","valueRequired":true,"valueName":"search_term_string"}}],"inLanguage":"pt-BR"},{"@type":"Organization","@id":"https:\/\/bikingbuenosaires.com\/pt-br\/#organization","name":"Biking Buenos Aires","url":"https:\/\/bikingbuenosaires.com\/pt-br\/","logo":{"@type":"ImageObject","inLanguage":"pt-BR","@id":"https:\/\/bikingbuenosaires.com\/pt-br\/#\/schema\/logo\/image\/","url":"https:\/\/bikingbuenosaires.com\/wp-content\/uploads\/2019\/09\/logo-sticky.png","contentUrl":"https:\/\/bikingbuenosaires.com\/wp-content\/uploads\/2019\/09\/logo-sticky.png","width":72,"height":21,"caption":"Biking Buenos Aires"},"image":{"@id":"https:\/\/bikingbuenosaires.com\/pt-br\/#\/schema\/logo\/image\/"}}]}},"_links":{"self":[{"href":"https:\/\/bikingbuenosaires.com\/pt-br\/wp-json\/wp\/v2\/pages\/1424","targetHints":{"allow":["GET"]}}],"collection":[{"href":"https:\/\/bikingbuenosaires.com\/pt-br\/wp-json\/wp\/v2\/pages"}],"about":[{"href":"https:\/\/bikingbuenosaires.com\/pt-br\/wp-json\/wp\/v2\/types\/page"}],"author":[{"embeddable":true,"href":"https:\/\/bikingbuenosaires.com\/pt-br\/wp-json\/wp\/v2\/users\/1"}],"replies":[{"embeddable":true,"href":"https:\/\/bikingbuenosaires.com\/pt-br\/wp-json\/wp\/v2\/comments?post=1424"}],"version-history":[{"count":9,"href":"https:\/\/bikingbuenosaires.com\/pt-br\/wp-json\/wp\/v2\/pages\/1424\/revisions"}],"predecessor-version":[{"id":4118,"href":"https:\/\/bikingbuenosaires.com\/pt-br\/wp-json\/wp\/v2\/pages\/1424\/revisions\/4118"}],"wp:featuredmedia":[{"embeddable":true,"href":"https:\/\/bikingbuenosaires.com\/pt-br\/wp-json\/wp\/v2\/media\/1389"}],"wp:attachment":[{"href":"https:\/\/bikingbuenosaires.com\/pt-br\/wp-json\/wp\/v2\/media?parent=1424"}],"curies":[{"name":"wp","href":"https:\/\/api.w.org\/{rel}","templated":true}]}}