{"id":1407,"date":"2020-01-06T15:34:18","date_gmt":"2020-01-06T18:34:18","guid":{"rendered":"https:\/\/bikingbuenosaires.com\/contato\/"},"modified":"2026-02-08T18:04:14","modified_gmt":"2026-02-08T21:04:14","slug":"fale-com-a-gente","status":"publish","type":"page","link":"https:\/\/bikingbuenosaires.com\/pt-br\/fale-com-a-gente\/","title":{"rendered":"Fale com a gente"},"content":{"rendered":"<section class=\"page_content\">\n<div class=\"container\">\n<h1 class=\"section_title\">Fale <span>Conosco<\/span><\/h1>\n<div class=\"row justify-content-center\">\n<div class=\"col-lg-8 text-center\">\n<p class=\"lead mb-5\">Tamb\u00e9m adoramos receber cart\u00f5es postais e not\u00edcias de como voc\u00ea est\u00e1, mas leva um pouco mais pra responder.<\/p>\n<\/p><\/div>\n<\/p><\/div>\n<hr class=\"my-5\">\n<p>        <!-- Contact Form --><\/p>\n<div class=\"row justify-content-center mb-5\">\n<div class=\"col-lg-8\">\n                \n<div class=\"wpcf7 no-js\" id=\"wpcf7-f453-o1\" lang=\"en-US\" dir=\"ltr\" data-wpcf7-id=\"453\">\n<div class=\"screen-reader-response\"><p role=\"status\" aria-live=\"polite\" aria-atomic=\"true\"><\/p> <ul><\/ul><\/div>\n<form action=\"\/pt-br\/wp-json\/wp\/v2\/pages\/1407#wpcf7-f453-o1\" method=\"post\" class=\"wpcf7-form init\" aria-label=\"Contact form\" novalidate=\"novalidate\" data-status=\"init\">\n<fieldset class=\"hidden-fields-container\"><input type=\"hidden\" name=\"_wpcf7\" value=\"453\" \/><input type=\"hidden\" name=\"_wpcf7_version\" value=\"6.1.5\" \/><input type=\"hidden\" name=\"_wpcf7_locale\" value=\"en_US\" \/><input type=\"hidden\" name=\"_wpcf7_unit_tag\" value=\"wpcf7-f453-o1\" \/><input type=\"hidden\" name=\"_wpcf7_container_post\" value=\"0\" \/><input type=\"hidden\" name=\"_wpcf7_posted_data_hash\" value=\"\" \/><input type=\"hidden\" name=\"_wpcf7_recaptcha_response\" value=\"\" \/>\n<\/fieldset>\n<div class=\"contact_us_form\">\n\t<div class=\"row\">\n\t\t<div class=\"col-12\">\n\t\t\t<p>Name <span>*<\/span>\n\t\t\t<\/p>\n\t\t<\/div>\n\t<\/div>\n\t<div class=\"row\">\n\t\t<div class=\"col-12 col-sm-6\">\n\t\t\t<p><span class=\"wpcf7-form-control-wrap\" data-name=\"first\"><input size=\"40\" maxlength=\"400\" class=\"wpcf7-form-control wpcf7-text wpcf7-validates-as-required\" aria-required=\"true\" aria-invalid=\"false\" placeholder=\"First\" value=\"\" type=\"text\" name=\"first\" \/><\/span>\n\t\t\t<\/p>\n\t\t<\/div>\n\t\t<div class=\"col-12 col-sm-6\">\n\t\t\t<p><span class=\"wpcf7-form-control-wrap\" data-name=\"last\"><input size=\"40\" maxlength=\"400\" class=\"wpcf7-form-control wpcf7-text wpcf7-validates-as-required\" aria-required=\"true\" aria-invalid=\"false\" placeholder=\"Last\" value=\"\" type=\"text\" name=\"last\" \/><\/span>\n\t\t\t<\/p>\n\t\t<\/div>\n\t<\/div>\n\t<div class=\"row\">\n\t\t<div class=\"col-12\">\n\t\t\t<p>Email <span>*<\/span>\n\t\t\t<\/p>\n\t\t\t<p><span class=\"wpcf7-form-control-wrap\" data-name=\"email\"><input size=\"40\" maxlength=\"400\" class=\"wpcf7-form-control wpcf7-email wpcf7-validates-as-required wpcf7-text wpcf7-validates-as-email\" aria-required=\"true\" aria-invalid=\"false\" value=\"\" type=\"email\" name=\"email\" \/><\/span>\n\t\t\t<\/p>\n\t\t<\/div>\n\t<\/div>\n\t<div class=\"row\">\n\t\t<div class=\"col-12\">\n\t\t\t<p>Subject <span>*<\/span>\n\t\t\t<\/p>\n\t\t\t<p><span class=\"wpcf7-form-control-wrap\" data-name=\"subject\"><input size=\"40\" maxlength=\"400\" class=\"wpcf7-form-control wpcf7-text wpcf7-validates-as-required\" aria-required=\"true\" aria-invalid=\"false\" value=\"\" type=\"text\" name=\"subject\" \/><\/span>\n\t\t\t<\/p>\n\t\t<\/div>\n\t<\/div>\n\t<div class=\"row\">\n\t\t<div class=\"col-12\">\n\t\t\t<p>Comments or questions <span>*<\/span>\n\t\t\t<\/p>\n\t\t\t<p><span class=\"wpcf7-form-control-wrap\" data-name=\"comments\"><textarea cols=\"40\" rows=\"10\" maxlength=\"2000\" class=\"wpcf7-form-control wpcf7-textarea wpcf7-validates-as-required\" aria-required=\"true\" aria-invalid=\"false\" name=\"comments\"><\/textarea><\/span>\n\t\t\t<\/p>\n\t\t<\/div>\n\t<\/div>\n\t<div class=\"row\">\n\t\t<div class=\"col-12\">\n\t\t\t<div class=\"submit\">\n\t\t\t\t<p><input class=\"wpcf7-form-control wpcf7-submit has-spinner\" type=\"submit\" value=\"Send\" \/>\n\t\t\t\t<\/p>\n\t\t\t<\/div>\n\t\t<\/div>\n\t<\/div>\n<\/div><div class=\"wpcf7-response-output\" aria-hidden=\"true\"><\/div>\n<\/form>\n<\/div>\n\n            <\/div>\n<\/p><\/div>\n<hr class=\"my-5\">\n<p>        <!-- Address --><\/p>\n<div class=\"row justify-content-center mb-4 text-center\">\n<div class=\"col-lg-8\">\n<h2 class=\"blue_title\">Endere\u00e7o<\/h2>\n<p>\n                    <a href=\"https:\/\/www.google.com\/maps\/place\/Balcarce+1016,+C1064+AAV,+Buenos+Aires\/\" target=\"_blank\" rel=\"noopener\"><br \/>\n                        Balcarce 1016<br \/>\n                        Casa de Castagnino<br \/>\n                        San Telmo, Cp 1064<br \/>\n                        CABA<br \/>\n                    <\/a>\n                <\/p>\n<\/p><\/div>\n<\/p><\/div>\n<p>        <!-- WhatsApp --><\/p>\n<div class=\"row justify-content-center mb-5 text-center\">\n<div class=\"col-lg-8\">\n<h2 class=\"blue_title\">WhatsApp<\/h2>\n<p>\n                    <a href=\"https:\/\/api.whatsapp.com\/send?phone=5491150568756&#038;text=I%27m%20interested%20in%20your%20tours\" target=\"_blank\" rel=\"noopener\"><br \/>\n                        011 5056-8756<br \/>\n                    <\/a>\n                <\/p>\n<\/p><\/div>\n<\/p><\/div>\n<p>        <!-- Map --><\/p>\n<div class=\"row justify-content-center\">\n<div class=\"col-lg-10\">\n<div class=\"embed-responsive embed-responsive-16by9\">\n                    <iframe \n                        class=\"embed-responsive-item\"\n                        loading=\"lazy\"\n                        src=\"https:\/\/maps.google.com\/maps?q=Balcarce%201016%2C%20Buenos%20Aires%2C%20Argentina&#038;t=m&#038;z=15&#038;output=embed&#038;iwloc=near\"\n                        title=\"Balcarce 1016, Buenos Aires, Argentina\"\n                        aria-label=\"Balcarce 1016, Buenos Aires, Argentina\"><br \/>\n                    <\/iframe>\n                <\/div>\n<\/p><\/div>\n<\/p><\/div>\n<\/p><\/div>\n<\/section>\n","protected":false},"excerpt":{"rendered":"<p>Fale Conosco Tamb\u00e9m adoramos receber cart\u00f5es postais e not\u00edcias de como voc\u00ea est\u00e1, mas leva um pouco mais pra responder. Endere\u00e7o Balcarce 1016 Casa de Castagnino San Telmo, Cp 1064 CABA WhatsApp 011 5056-8756 [&#8230;]<\/p>\n<p><a class=\"btn btn-secondary understrap-read-more-link\" href=\"https:\/\/bikingbuenosaires.com\/pt-br\/fale-com-a-gente\/\">Leia mais&#8230;<\/a><\/p>\n","protected":false},"author":1,"featured_media":2377,"parent":0,"menu_order":34,"comment_status":"closed","ping_status":"closed","template":"","meta":{"_acf_changed":false,"footnotes":""},"class_list":["post-1407","page","type-page","status-publish","has-post-thumbnail","hentry"],"acf":[],"yoast_head":"<!-- This site is optimized with the Yoast SEO plugin v27.2 - https:\/\/yoast.com\/product\/yoast-seo-wordpress\/ -->\n<title>Fale com a gente - Biking Buenos Aires<\/title>\n<meta name=\"robots\" content=\"index, follow, max-snippet:-1, max-image-preview:large, max-video-preview:-1\" \/>\n<link rel=\"canonical\" href=\"https:\/\/bikingbuenosaires.com\/pt-br\/fale-com-a-gente\/\" \/>\n<meta property=\"og:locale\" content=\"pt_BR\" \/>\n<meta property=\"og:type\" content=\"article\" \/>\n<meta property=\"og:title\" content=\"Fale com a gente - Biking Buenos Aires\" \/>\n<meta property=\"og:description\" content=\"Fale Conosco Tamb\u00e9m adoramos receber cart\u00f5es postais e not\u00edcias de como voc\u00ea est\u00e1, mas leva um pouco mais pra responder. Endere\u00e7o Balcarce 1016 Casa de Castagnino San Telmo, Cp 1064 CABA WhatsApp 011 5056-8756 [...]Leia mais...\" \/>\n<meta property=\"og:url\" content=\"https:\/\/bikingbuenosaires.com\/pt-br\/fale-com-a-gente\/\" \/>\n<meta property=\"og:site_name\" content=\"Biking Buenos Aires\" \/>\n<meta property=\"article:modified_time\" content=\"2026-02-08T21:04:14+00:00\" \/>\n<meta property=\"og:image\" content=\"https:\/\/bikingbuenosaires.com\/wp-content\/uploads\/2023\/10\/biking-bs-as-who-we-are.jpg\" \/>\n\t<meta property=\"og:image:width\" content=\"1920\" \/>\n\t<meta property=\"og:image:height\" content=\"1440\" \/>\n\t<meta property=\"og:image:type\" content=\"image\/jpeg\" \/>\n<meta name=\"twitter:card\" content=\"summary_large_image\" \/>\n<meta name=\"twitter:label1\" content=\"Est. tempo de leitura\" \/>\n\t<meta name=\"twitter:data1\" content=\"1 minuto\" \/>\n<script type=\"application\/ld+json\" class=\"yoast-schema-graph\">{\"@context\":\"https:\/\/schema.org\",\"@graph\":[{\"@type\":\"WebPage\",\"@id\":\"https:\/\/bikingbuenosaires.com\/pt-br\/fale-com-a-gente\/\",\"url\":\"https:\/\/bikingbuenosaires.com\/pt-br\/fale-com-a-gente\/\",\"name\":\"Fale com a gente - Biking Buenos Aires\",\"isPartOf\":{\"@id\":\"https:\/\/bikingbuenosaires.com\/pt-br\/#website\"},\"primaryImageOfPage\":{\"@id\":\"https:\/\/bikingbuenosaires.com\/pt-br\/fale-com-a-gente\/#primaryimage\"},\"image\":{\"@id\":\"https:\/\/bikingbuenosaires.com\/pt-br\/fale-com-a-gente\/#primaryimage\"},\"thumbnailUrl\":\"https:\/\/bikingbuenosaires.com\/wp-content\/uploads\/2023\/10\/biking-bs-as-who-we-are.jpg\",\"datePublished\":\"2020-01-06T18:34:18+00:00\",\"dateModified\":\"2026-02-08T21:04:14+00:00\",\"breadcrumb\":{\"@id\":\"https:\/\/bikingbuenosaires.com\/pt-br\/fale-com-a-gente\/#breadcrumb\"},\"inLanguage\":\"pt-BR\",\"potentialAction\":[{\"@type\":\"ReadAction\",\"target\":[\"https:\/\/bikingbuenosaires.com\/pt-br\/fale-com-a-gente\/\"]}]},{\"@type\":\"ImageObject\",\"inLanguage\":\"pt-BR\",\"@id\":\"https:\/\/bikingbuenosaires.com\/pt-br\/fale-com-a-gente\/#primaryimage\",\"url\":\"https:\/\/bikingbuenosaires.com\/wp-content\/uploads\/2023\/10\/biking-bs-as-who-we-are.jpg\",\"contentUrl\":\"https:\/\/bikingbuenosaires.com\/wp-content\/uploads\/2023\/10\/biking-bs-as-who-we-are.jpg\",\"width\":1920,\"height\":1440,\"caption\":\"Contact Us\"},{\"@type\":\"BreadcrumbList\",\"@id\":\"https:\/\/bikingbuenosaires.com\/pt-br\/fale-com-a-gente\/#breadcrumb\",\"itemListElement\":[{\"@type\":\"ListItem\",\"position\":1,\"name\":\"Home\",\"item\":\"https:\/\/bikingbuenosaires.com\/pt-br\/\"},{\"@type\":\"ListItem\",\"position\":2,\"name\":\"Fale com a gente\"}]},{\"@type\":\"WebSite\",\"@id\":\"https:\/\/bikingbuenosaires.com\/pt-br\/#website\",\"url\":\"https:\/\/bikingbuenosaires.com\/pt-br\/\",\"name\":\"Biking Buenos Aires\",\"description\":\"Seamless adventures on two wheels. We design shortcuts to Porte\u00f1o cultures for demanding travelers in a rush. Book online!\",\"publisher\":{\"@id\":\"https:\/\/bikingbuenosaires.com\/pt-br\/#organization\"},\"potentialAction\":[{\"@type\":\"SearchAction\",\"target\":{\"@type\":\"EntryPoint\",\"urlTemplate\":\"https:\/\/bikingbuenosaires.com\/pt-br\/?s={search_term_string}\"},\"query-input\":{\"@type\":\"PropertyValueSpecification\",\"valueRequired\":true,\"valueName\":\"search_term_string\"}}],\"inLanguage\":\"pt-BR\"},{\"@type\":\"Organization\",\"@id\":\"https:\/\/bikingbuenosaires.com\/pt-br\/#organization\",\"name\":\"Biking Buenos Aires\",\"url\":\"https:\/\/bikingbuenosaires.com\/pt-br\/\",\"logo\":{\"@type\":\"ImageObject\",\"inLanguage\":\"pt-BR\",\"@id\":\"https:\/\/bikingbuenosaires.com\/pt-br\/#\/schema\/logo\/image\/\",\"url\":\"https:\/\/bikingbuenosaires.com\/wp-content\/uploads\/2019\/09\/logo-sticky.png\",\"contentUrl\":\"https:\/\/bikingbuenosaires.com\/wp-content\/uploads\/2019\/09\/logo-sticky.png\",\"width\":72,\"height\":21,\"caption\":\"Biking Buenos Aires\"},\"image\":{\"@id\":\"https:\/\/bikingbuenosaires.com\/pt-br\/#\/schema\/logo\/image\/\"}}]}<\/script>\n<!-- \/ Yoast SEO plugin. -->","yoast_head_json":{"title":"Fale com a gente - Biking Buenos Aires","robots":{"index":"index","follow":"follow","max-snippet":"max-snippet:-1","max-image-preview":"max-image-preview:large","max-video-preview":"max-video-preview:-1"},"canonical":"https:\/\/bikingbuenosaires.com\/pt-br\/fale-com-a-gente\/","og_locale":"pt_BR","og_type":"article","og_title":"Fale com a gente - Biking Buenos Aires","og_description":"Fale Conosco Tamb\u00e9m adoramos receber cart\u00f5es postais e not\u00edcias de como voc\u00ea est\u00e1, mas leva um pouco mais pra responder. Endere\u00e7o Balcarce 1016 Casa de Castagnino San Telmo, Cp 1064 CABA WhatsApp 011 5056-8756 [...]Leia mais...","og_url":"https:\/\/bikingbuenosaires.com\/pt-br\/fale-com-a-gente\/","og_site_name":"Biking Buenos Aires","article_modified_time":"2026-02-08T21:04:14+00:00","og_image":[{"width":1920,"height":1440,"url":"https:\/\/bikingbuenosaires.com\/wp-content\/uploads\/2023\/10\/biking-bs-as-who-we-are.jpg","type":"image\/jpeg"}],"twitter_card":"summary_large_image","twitter_misc":{"Est. tempo de leitura":"1 minuto"},"schema":{"@context":"https:\/\/schema.org","@graph":[{"@type":"WebPage","@id":"https:\/\/bikingbuenosaires.com\/pt-br\/fale-com-a-gente\/","url":"https:\/\/bikingbuenosaires.com\/pt-br\/fale-com-a-gente\/","name":"Fale com a gente - Biking Buenos Aires","isPartOf":{"@id":"https:\/\/bikingbuenosaires.com\/pt-br\/#website"},"primaryImageOfPage":{"@id":"https:\/\/bikingbuenosaires.com\/pt-br\/fale-com-a-gente\/#primaryimage"},"image":{"@id":"https:\/\/bikingbuenosaires.com\/pt-br\/fale-com-a-gente\/#primaryimage"},"thumbnailUrl":"https:\/\/bikingbuenosaires.com\/wp-content\/uploads\/2023\/10\/biking-bs-as-who-we-are.jpg","datePublished":"2020-01-06T18:34:18+00:00","dateModified":"2026-02-08T21:04:14+00:00","breadcrumb":{"@id":"https:\/\/bikingbuenosaires.com\/pt-br\/fale-com-a-gente\/#breadcrumb"},"inLanguage":"pt-BR","potentialAction":[{"@type":"ReadAction","target":["https:\/\/bikingbuenosaires.com\/pt-br\/fale-com-a-gente\/"]}]},{"@type":"ImageObject","inLanguage":"pt-BR","@id":"https:\/\/bikingbuenosaires.com\/pt-br\/fale-com-a-gente\/#primaryimage","url":"https:\/\/bikingbuenosaires.com\/wp-content\/uploads\/2023\/10\/biking-bs-as-who-we-are.jpg","contentUrl":"https:\/\/bikingbuenosaires.com\/wp-content\/uploads\/2023\/10\/biking-bs-as-who-we-are.jpg","width":1920,"height":1440,"caption":"Contact Us"},{"@type":"BreadcrumbList","@id":"https:\/\/bikingbuenosaires.com\/pt-br\/fale-com-a-gente\/#breadcrumb","itemListElement":[{"@type":"ListItem","position":1,"name":"Home","item":"https:\/\/bikingbuenosaires.com\/pt-br\/"},{"@type":"ListItem","position":2,"name":"Fale com a gente"}]},{"@type":"WebSite","@id":"https:\/\/bikingbuenosaires.com\/pt-br\/#website","url":"https:\/\/bikingbuenosaires.com\/pt-br\/","name":"Biking Buenos Aires","description":"Seamless adventures on two wheels. We design shortcuts to Porte\u00f1o cultures for demanding travelers in a rush. Book online!","publisher":{"@id":"https:\/\/bikingbuenosaires.com\/pt-br\/#organization"},"potentialAction":[{"@type":"SearchAction","target":{"@type":"EntryPoint","urlTemplate":"https:\/\/bikingbuenosaires.com\/pt-br\/?s={search_term_string}"},"query-input":{"@type":"PropertyValueSpecification","valueRequired":true,"valueName":"search_term_string"}}],"inLanguage":"pt-BR"},{"@type":"Organization","@id":"https:\/\/bikingbuenosaires.com\/pt-br\/#organization","name":"Biking Buenos Aires","url":"https:\/\/bikingbuenosaires.com\/pt-br\/","logo":{"@type":"ImageObject","inLanguage":"pt-BR","@id":"https:\/\/bikingbuenosaires.com\/pt-br\/#\/schema\/logo\/image\/","url":"https:\/\/bikingbuenosaires.com\/wp-content\/uploads\/2019\/09\/logo-sticky.png","contentUrl":"https:\/\/bikingbuenosaires.com\/wp-content\/uploads\/2019\/09\/logo-sticky.png","width":72,"height":21,"caption":"Biking Buenos Aires"},"image":{"@id":"https:\/\/bikingbuenosaires.com\/pt-br\/#\/schema\/logo\/image\/"}}]}},"_links":{"self":[{"href":"https:\/\/bikingbuenosaires.com\/pt-br\/wp-json\/wp\/v2\/pages\/1407","targetHints":{"allow":["GET"]}}],"collection":[{"href":"https:\/\/bikingbuenosaires.com\/pt-br\/wp-json\/wp\/v2\/pages"}],"about":[{"href":"https:\/\/bikingbuenosaires.com\/pt-br\/wp-json\/wp\/v2\/types\/page"}],"author":[{"embeddable":true,"href":"https:\/\/bikingbuenosaires.com\/pt-br\/wp-json\/wp\/v2\/users\/1"}],"replies":[{"embeddable":true,"href":"https:\/\/bikingbuenosaires.com\/pt-br\/wp-json\/wp\/v2\/comments?post=1407"}],"version-history":[{"count":10,"href":"https:\/\/bikingbuenosaires.com\/pt-br\/wp-json\/wp\/v2\/pages\/1407\/revisions"}],"predecessor-version":[{"id":4081,"href":"https:\/\/bikingbuenosaires.com\/pt-br\/wp-json\/wp\/v2\/pages\/1407\/revisions\/4081"}],"wp:featuredmedia":[{"embeddable":true,"href":"https:\/\/bikingbuenosaires.com\/pt-br\/wp-json\/wp\/v2\/media\/2377"}],"wp:attachment":[{"href":"https:\/\/bikingbuenosaires.com\/pt-br\/wp-json\/wp\/v2\/media?parent=1407"}],"curies":[{"name":"wp","href":"https:\/\/api.w.org\/{rel}","templated":true}]}}