{"id":1377,"date":"2020-01-06T11:07:58","date_gmt":"2020-01-06T14:07:58","guid":{"rendered":"https:\/\/bikingbuenosaires.com\/comite-estrategico-sorrisos\/"},"modified":"2026-02-15T15:05:33","modified_gmt":"2026-02-15T18:05:33","slug":"coordenacao-de-sorrisos","status":"publish","type":"page","link":"https:\/\/bikingbuenosaires.com\/pt-br\/coordenacao-de-sorrisos\/","title":{"rendered":"COORDENA\u00c7\u00c3O DE SORRISOS"},"content":{"rendered":"<section class=\"page_content\">\n<div class=\"container\">\n<p>        <!-- Header --><\/p>\n<h2 class=\"section_title\">Comit\u00ea Estrat\u00e9gico de <span>Sorrisos<\/span><\/h2>\n<h4 class=\"text-center mb-5\">Mas se voc\u00ea se preocupa mesmo assim, esta \u00e9 uma lista de suas especialidades:<\/h4>\n<p>        <!-- Grid --><\/p>\n<div class=\"row\">\n<p>            <!-- Chuva --><\/p>\n<div class=\"col-md-6 col-lg-4 mb-5 text-center\">\n                <img loading=\"lazy\" decoding=\"async\" src=\"https:\/\/bikingbuenosaires.com\/wp-content\/uploads\/2019\/10\/rain-1-150x150.png\" alt=\"Chuva\" width=\"150\" height=\"150\" class=\"mb-3\"><\/p>\n<h2 class=\"blue_title\" style=\"font-size:1.5rem;\">Chuva<\/h2>\n<p>N\u00e3o cancelamos por chuva! Checamos a previs\u00e3o do tempo constantemente e em caso de risco a sua seguran\u00e7a &#8211; e somente ent\u00e3o &#8211; tomamos a decis\u00e3o de n\u00e3o sair. Do contr\u00e1rio, nosso Departamento de Amantes da Chuva desenvolveu e adquiriu utens\u00edlios que far\u00e3o voc\u00ea esquecer da chuva &#8211; ou quem sabe at\u00e9 curti-la tanto quanto a Vanessa da Mata. O nosso relat\u00f3rio estat\u00edstico anual aponta que as melhores e mais divertidas lembran\u00e7as das f\u00e9rias acontecem em dias chuvosos.<\/p>\n<\/p><\/div>\n<p>            <!-- Reembolso --><\/p>\n<div class=\"col-md-6 col-lg-4 mb-5 text-center\">\n                <img loading=\"lazy\" decoding=\"async\" src=\"https:\/\/bikingbuenosaires.com\/wp-content\/uploads\/2019\/10\/money-1-150x150.png\" alt=\"Reembolso\" width=\"150\" height=\"150\" class=\"mb-3\"><\/p>\n<h2 class=\"blue_title\" style=\"font-size:1.5rem;\">Reembolso<\/h2>\n<p>Sem multas se o cancelamento acontecer 24 horas antes do in\u00edcio do tour. 50% de reembolso se informado depois deste prazo.<\/p>\n<\/p><\/div>\n<p>            <!-- Reprograma\u00e7\u00e3o --><\/p>\n<div class=\"col-md-6 col-lg-4 mb-5 text-center\">\n                <img loading=\"lazy\" decoding=\"async\" src=\"https:\/\/bikingbuenosaires.com\/wp-content\/uploads\/2019\/10\/cancelations-1-150x150.png\" alt=\"Reprograma\u00e7\u00e3o\" width=\"150\" height=\"150\" class=\"mb-3\"><\/p>\n<h2 class=\"blue_title\" style=\"font-size:1.5rem;\">Reprograma\u00e7\u00e3o de tour<\/h2>\n<p>Sem custo at\u00e9 24 horas antes do in\u00edcio do tour. 20 USD se informado fora deste prazo.<\/p>\n<\/p><\/div>\n<p>            <!-- Fam\u00edlias --><\/p>\n<div class=\"col-md-6 col-lg-4 mb-5 text-center\">\n                <img loading=\"lazy\" decoding=\"async\" src=\"https:\/\/bikingbuenosaires.com\/wp-content\/uploads\/2019\/10\/kids-1-150x150.png\" alt=\"Fam\u00edlias\" width=\"150\" height=\"150\" class=\"mb-3\"><\/p>\n<h2 class=\"blue_title\" style=\"font-size:1.5rem;\">Fam\u00edlias<\/h2>\n<p>Para n\u00e3o afetar aos demais clientes do grupo, nossos tours regulares s\u00f3 aceitam crian\u00e7as acima de 12 anos de idade. Para tours con menores de 12 anos, por favor cheque nossas op\u00e7\u00f5es de Tours Privados ou mande uma mensagem para +54 11 4300 5373<\/p>\n<\/p><\/div>\n<p>            <!-- Conte\u00fado de qualidade --><\/p>\n<div class=\"col-md-6 col-lg-4 mb-5 text-center\">\n                <img loading=\"lazy\" decoding=\"async\" src=\"https:\/\/bikingbuenosaires.com\/wp-content\/uploads\/2019\/10\/chamullo-150x150.png\" alt=\"Conte\u00fado de qualidade\" width=\"150\" height=\"150\" class=\"mb-3\"><\/p>\n<h2 class=\"blue_title\" style=\"font-size:1.5rem;\">Conte\u00fado de qualidade<\/h2>\n<p>Sem papo de malandro. Entregamos tudo que prometemos.<\/p>\n<\/p><\/div>\n<p>            <!-- Condi\u00e7\u00f5es especiais --><\/p>\n<div class=\"col-md-6 col-lg-4 mb-5 text-center\">\n                <img loading=\"lazy\" decoding=\"async\" src=\"https:\/\/bikingbuenosaires.com\/wp-content\/uploads\/2019\/10\/crazy-150x150.png\" alt=\"Condi\u00e7\u00f5es especiais\" width=\"150\" height=\"150\" class=\"mb-3\"><\/p>\n<h2 class=\"blue_title\" style=\"font-size:1.5rem;\">Condi\u00e7\u00f5es especiais<\/h2>\n<p>SOMENTE EM ALTA TEMPORADA (DE 20\/12 a 5\/1): Este \u00e9 o momento mais complicado do ano, de longe. Recebemos muitas reservas e trabalhamos sem parar! Esperamos que voc\u00ea entenda que, devido a quantidade de vagas limitadas, os prazos de reembolso e reprograma\u00e7\u00e3o de tours \u00e9 de 48 de aviso pr\u00e9vio antes do in\u00edcio do mesmo.<\/p>\n<\/p><\/div>\n<p>            <!-- Seguran\u00e7a - Full width --><\/p>\n<div class=\"col-12 mb-5 text-center\">\n                <img loading=\"lazy\" decoding=\"async\" src=\"https:\/\/bikingbuenosaires.com\/wp-content\/uploads\/2019\/10\/bpi-150x150.png\" alt=\"Seguran\u00e7a\" width=\"150\" height=\"150\" class=\"mb-3\"><\/p>\n<h2 class=\"blue_title\" style=\"font-size:1.5rem;\">Seguran\u00e7a<\/h2>\n<p>Claro que fornecemos equipamentos de seguran\u00e7a (capacete, bicis seguras).<\/p>\n<p>Claro que usamos ciclovias sempre que poss\u00edvel, mas nossa ideia de seguran\u00e7a se foca muito mais nas habilidades de nossos guias de:<\/p>\n<ul class=\"list-unstyled\">\n<li>\u2013 identificar rapidamente o seu n\u00edvel de pedalada, para saber onde e quando voc\u00ea n\u00e3o se sente seguro;<\/li>\n<li>\u2013 antecipar quaisquer problemas no tr\u00e2nsito;<\/li>\n<li>\u2013 saber os costumes locais no que se refere a regras de tr\u00e2nsito;<\/li>\n<li>\u2013 adaptar a rota em qualquer circunst\u00e2ncia (protestos e outros: sempre temos um plano B)<\/li>\n<li>\u2013 1 guia para cada 5 clientes, a m\u00e9dia mais segura da cidade.<\/li>\n<\/ul><\/div>\n<\/p><\/div>\n<p>        <!-- Buttons --><\/p>\n<div class=\"text-center mt-4\">\n            <a class=\"btn-biking px-4 py-2 mr-3\" href=\"https:\/\/bikingbuenosaires.com\/pt-br\/termos-e-condicoes\/\">FAQS<\/a><br \/>\n            <a class=\"btn-biking btn-biking-secondary px-4 py-2\" href=\"https:\/\/bikingbuenosaires.com\/pt-br\/termos-e-condicoes\/\">Termos e Condi\u00e7\u00f5es<\/a>\n        <\/div>\n<\/p><\/div>\n<\/section>\n","protected":false},"excerpt":{"rendered":"<p>Comit\u00ea Estrat\u00e9gico de Sorrisos Mas se voc\u00ea se preocupa mesmo assim, esta \u00e9 uma lista de suas especialidades: Chuva N\u00e3o cancelamos por chuva! Checamos a previs\u00e3o do tempo constantemente e em caso de risco a sua seguran\u00e7a &#8211; e somente ent\u00e3o &#8211; tomamos a decis\u00e3o de n\u00e3o sair. Do contr\u00e1rio, nosso Departamento de Amantes da [&#8230;]<\/p>\n<p><a class=\"btn btn-secondary understrap-read-more-link\" href=\"https:\/\/bikingbuenosaires.com\/pt-br\/coordenacao-de-sorrisos\/\">Leia mais&#8230;<\/a><\/p>\n","protected":false},"author":1,"featured_media":1390,"parent":0,"menu_order":31,"comment_status":"closed","ping_status":"closed","template":"","meta":{"_acf_changed":false,"footnotes":""},"class_list":["post-1377","page","type-page","status-publish","has-post-thumbnail","hentry"],"acf":[],"yoast_head":"<!-- This site is optimized with the Yoast SEO plugin v27.2 - https:\/\/yoast.com\/product\/yoast-seo-wordpress\/ -->\n<title>COORDENA\u00c7\u00c3O DE SORRISOS - Biking Buenos Aires<\/title>\n<meta name=\"robots\" content=\"index, follow, max-snippet:-1, max-image-preview:large, max-video-preview:-1\" \/>\n<link rel=\"canonical\" href=\"https:\/\/bikingbuenosaires.com\/pt-br\/coordenacao-de-sorrisos\/\" \/>\n<meta property=\"og:locale\" content=\"pt_BR\" \/>\n<meta property=\"og:type\" content=\"article\" \/>\n<meta property=\"og:title\" content=\"COORDENA\u00c7\u00c3O DE SORRISOS - Biking Buenos Aires\" \/>\n<meta property=\"og:description\" content=\"Comit\u00ea Estrat\u00e9gico de Sorrisos Mas se voc\u00ea se preocupa mesmo assim, esta \u00e9 uma lista de suas especialidades: Chuva N\u00e3o cancelamos por chuva! Checamos a previs\u00e3o do tempo constantemente e em caso de risco a sua seguran\u00e7a &#8211; e somente ent\u00e3o &#8211; tomamos a decis\u00e3o de n\u00e3o sair. Do contr\u00e1rio, nosso Departamento de Amantes da [...]Leia mais...\" \/>\n<meta property=\"og:url\" content=\"https:\/\/bikingbuenosaires.com\/pt-br\/coordenacao-de-sorrisos\/\" \/>\n<meta property=\"og:site_name\" content=\"Biking Buenos Aires\" \/>\n<meta property=\"article:modified_time\" content=\"2026-02-15T18:05:33+00:00\" \/>\n<meta property=\"og:image\" content=\"https:\/\/bikingbuenosaires.com\/wp-content\/uploads\/2019\/10\/strategic-smiles.jpg\" \/>\n\t<meta property=\"og:image:width\" content=\"1600\" \/>\n\t<meta property=\"og:image:height\" content=\"1067\" \/>\n\t<meta property=\"og:image:type\" content=\"image\/jpeg\" \/>\n<meta name=\"twitter:card\" content=\"summary_large_image\" \/>\n<meta name=\"twitter:label1\" content=\"Est. tempo de leitura\" \/>\n\t<meta name=\"twitter:data1\" content=\"2 minutos\" \/>\n<script type=\"application\/ld+json\" class=\"yoast-schema-graph\">{\"@context\":\"https:\/\/schema.org\",\"@graph\":[{\"@type\":\"WebPage\",\"@id\":\"https:\/\/bikingbuenosaires.com\/pt-br\/coordenacao-de-sorrisos\/\",\"url\":\"https:\/\/bikingbuenosaires.com\/pt-br\/coordenacao-de-sorrisos\/\",\"name\":\"COORDENA\u00c7\u00c3O DE SORRISOS - Biking Buenos Aires\",\"isPartOf\":{\"@id\":\"https:\/\/bikingbuenosaires.com\/pt-br\/#website\"},\"primaryImageOfPage\":{\"@id\":\"https:\/\/bikingbuenosaires.com\/pt-br\/coordenacao-de-sorrisos\/#primaryimage\"},\"image\":{\"@id\":\"https:\/\/bikingbuenosaires.com\/pt-br\/coordenacao-de-sorrisos\/#primaryimage\"},\"thumbnailUrl\":\"https:\/\/bikingbuenosaires.com\/wp-content\/uploads\/2019\/10\/strategic-smiles.jpg\",\"datePublished\":\"2020-01-06T14:07:58+00:00\",\"dateModified\":\"2026-02-15T18:05:33+00:00\",\"breadcrumb\":{\"@id\":\"https:\/\/bikingbuenosaires.com\/pt-br\/coordenacao-de-sorrisos\/#breadcrumb\"},\"inLanguage\":\"pt-BR\",\"potentialAction\":[{\"@type\":\"ReadAction\",\"target\":[\"https:\/\/bikingbuenosaires.com\/pt-br\/coordenacao-de-sorrisos\/\"]}]},{\"@type\":\"ImageObject\",\"inLanguage\":\"pt-BR\",\"@id\":\"https:\/\/bikingbuenosaires.com\/pt-br\/coordenacao-de-sorrisos\/#primaryimage\",\"url\":\"https:\/\/bikingbuenosaires.com\/wp-content\/uploads\/2019\/10\/strategic-smiles.jpg\",\"contentUrl\":\"https:\/\/bikingbuenosaires.com\/wp-content\/uploads\/2019\/10\/strategic-smiles.jpg\",\"width\":1600,\"height\":1067,\"caption\":\"STRATEGIC SMILES\"},{\"@type\":\"BreadcrumbList\",\"@id\":\"https:\/\/bikingbuenosaires.com\/pt-br\/coordenacao-de-sorrisos\/#breadcrumb\",\"itemListElement\":[{\"@type\":\"ListItem\",\"position\":1,\"name\":\"Home\",\"item\":\"https:\/\/bikingbuenosaires.com\/pt-br\/\"},{\"@type\":\"ListItem\",\"position\":2,\"name\":\"COORDENA\u00c7\u00c3O DE SORRISOS\"}]},{\"@type\":\"WebSite\",\"@id\":\"https:\/\/bikingbuenosaires.com\/pt-br\/#website\",\"url\":\"https:\/\/bikingbuenosaires.com\/pt-br\/\",\"name\":\"Biking Buenos Aires\",\"description\":\"Seamless adventures on two wheels. We design shortcuts to Porte\u00f1o cultures for demanding travelers in a rush. Book online!\",\"publisher\":{\"@id\":\"https:\/\/bikingbuenosaires.com\/pt-br\/#organization\"},\"potentialAction\":[{\"@type\":\"SearchAction\",\"target\":{\"@type\":\"EntryPoint\",\"urlTemplate\":\"https:\/\/bikingbuenosaires.com\/pt-br\/?s={search_term_string}\"},\"query-input\":{\"@type\":\"PropertyValueSpecification\",\"valueRequired\":true,\"valueName\":\"search_term_string\"}}],\"inLanguage\":\"pt-BR\"},{\"@type\":\"Organization\",\"@id\":\"https:\/\/bikingbuenosaires.com\/pt-br\/#organization\",\"name\":\"Biking Buenos Aires\",\"url\":\"https:\/\/bikingbuenosaires.com\/pt-br\/\",\"logo\":{\"@type\":\"ImageObject\",\"inLanguage\":\"pt-BR\",\"@id\":\"https:\/\/bikingbuenosaires.com\/pt-br\/#\/schema\/logo\/image\/\",\"url\":\"https:\/\/bikingbuenosaires.com\/wp-content\/uploads\/2019\/09\/logo-sticky.png\",\"contentUrl\":\"https:\/\/bikingbuenosaires.com\/wp-content\/uploads\/2019\/09\/logo-sticky.png\",\"width\":72,\"height\":21,\"caption\":\"Biking Buenos Aires\"},\"image\":{\"@id\":\"https:\/\/bikingbuenosaires.com\/pt-br\/#\/schema\/logo\/image\/\"}}]}<\/script>\n<!-- \/ Yoast SEO plugin. -->","yoast_head_json":{"title":"COORDENA\u00c7\u00c3O DE SORRISOS - Biking Buenos Aires","robots":{"index":"index","follow":"follow","max-snippet":"max-snippet:-1","max-image-preview":"max-image-preview:large","max-video-preview":"max-video-preview:-1"},"canonical":"https:\/\/bikingbuenosaires.com\/pt-br\/coordenacao-de-sorrisos\/","og_locale":"pt_BR","og_type":"article","og_title":"COORDENA\u00c7\u00c3O DE SORRISOS - Biking Buenos Aires","og_description":"Comit\u00ea Estrat\u00e9gico de Sorrisos Mas se voc\u00ea se preocupa mesmo assim, esta \u00e9 uma lista de suas especialidades: Chuva N\u00e3o cancelamos por chuva! Checamos a previs\u00e3o do tempo constantemente e em caso de risco a sua seguran\u00e7a &#8211; e somente ent\u00e3o &#8211; tomamos a decis\u00e3o de n\u00e3o sair. Do contr\u00e1rio, nosso Departamento de Amantes da [...]Leia mais...","og_url":"https:\/\/bikingbuenosaires.com\/pt-br\/coordenacao-de-sorrisos\/","og_site_name":"Biking Buenos Aires","article_modified_time":"2026-02-15T18:05:33+00:00","og_image":[{"width":1600,"height":1067,"url":"https:\/\/bikingbuenosaires.com\/wp-content\/uploads\/2019\/10\/strategic-smiles.jpg","type":"image\/jpeg"}],"twitter_card":"summary_large_image","twitter_misc":{"Est. tempo de leitura":"2 minutos"},"schema":{"@context":"https:\/\/schema.org","@graph":[{"@type":"WebPage","@id":"https:\/\/bikingbuenosaires.com\/pt-br\/coordenacao-de-sorrisos\/","url":"https:\/\/bikingbuenosaires.com\/pt-br\/coordenacao-de-sorrisos\/","name":"COORDENA\u00c7\u00c3O DE SORRISOS - Biking Buenos Aires","isPartOf":{"@id":"https:\/\/bikingbuenosaires.com\/pt-br\/#website"},"primaryImageOfPage":{"@id":"https:\/\/bikingbuenosaires.com\/pt-br\/coordenacao-de-sorrisos\/#primaryimage"},"image":{"@id":"https:\/\/bikingbuenosaires.com\/pt-br\/coordenacao-de-sorrisos\/#primaryimage"},"thumbnailUrl":"https:\/\/bikingbuenosaires.com\/wp-content\/uploads\/2019\/10\/strategic-smiles.jpg","datePublished":"2020-01-06T14:07:58+00:00","dateModified":"2026-02-15T18:05:33+00:00","breadcrumb":{"@id":"https:\/\/bikingbuenosaires.com\/pt-br\/coordenacao-de-sorrisos\/#breadcrumb"},"inLanguage":"pt-BR","potentialAction":[{"@type":"ReadAction","target":["https:\/\/bikingbuenosaires.com\/pt-br\/coordenacao-de-sorrisos\/"]}]},{"@type":"ImageObject","inLanguage":"pt-BR","@id":"https:\/\/bikingbuenosaires.com\/pt-br\/coordenacao-de-sorrisos\/#primaryimage","url":"https:\/\/bikingbuenosaires.com\/wp-content\/uploads\/2019\/10\/strategic-smiles.jpg","contentUrl":"https:\/\/bikingbuenosaires.com\/wp-content\/uploads\/2019\/10\/strategic-smiles.jpg","width":1600,"height":1067,"caption":"STRATEGIC SMILES"},{"@type":"BreadcrumbList","@id":"https:\/\/bikingbuenosaires.com\/pt-br\/coordenacao-de-sorrisos\/#breadcrumb","itemListElement":[{"@type":"ListItem","position":1,"name":"Home","item":"https:\/\/bikingbuenosaires.com\/pt-br\/"},{"@type":"ListItem","position":2,"name":"COORDENA\u00c7\u00c3O DE SORRISOS"}]},{"@type":"WebSite","@id":"https:\/\/bikingbuenosaires.com\/pt-br\/#website","url":"https:\/\/bikingbuenosaires.com\/pt-br\/","name":"Biking Buenos Aires","description":"Seamless adventures on two wheels. We design shortcuts to Porte\u00f1o cultures for demanding travelers in a rush. Book online!","publisher":{"@id":"https:\/\/bikingbuenosaires.com\/pt-br\/#organization"},"potentialAction":[{"@type":"SearchAction","target":{"@type":"EntryPoint","urlTemplate":"https:\/\/bikingbuenosaires.com\/pt-br\/?s={search_term_string}"},"query-input":{"@type":"PropertyValueSpecification","valueRequired":true,"valueName":"search_term_string"}}],"inLanguage":"pt-BR"},{"@type":"Organization","@id":"https:\/\/bikingbuenosaires.com\/pt-br\/#organization","name":"Biking Buenos Aires","url":"https:\/\/bikingbuenosaires.com\/pt-br\/","logo":{"@type":"ImageObject","inLanguage":"pt-BR","@id":"https:\/\/bikingbuenosaires.com\/pt-br\/#\/schema\/logo\/image\/","url":"https:\/\/bikingbuenosaires.com\/wp-content\/uploads\/2019\/09\/logo-sticky.png","contentUrl":"https:\/\/bikingbuenosaires.com\/wp-content\/uploads\/2019\/09\/logo-sticky.png","width":72,"height":21,"caption":"Biking Buenos Aires"},"image":{"@id":"https:\/\/bikingbuenosaires.com\/pt-br\/#\/schema\/logo\/image\/"}}]}},"_links":{"self":[{"href":"https:\/\/bikingbuenosaires.com\/pt-br\/wp-json\/wp\/v2\/pages\/1377","targetHints":{"allow":["GET"]}}],"collection":[{"href":"https:\/\/bikingbuenosaires.com\/pt-br\/wp-json\/wp\/v2\/pages"}],"about":[{"href":"https:\/\/bikingbuenosaires.com\/pt-br\/wp-json\/wp\/v2\/types\/page"}],"author":[{"embeddable":true,"href":"https:\/\/bikingbuenosaires.com\/pt-br\/wp-json\/wp\/v2\/users\/1"}],"replies":[{"embeddable":true,"href":"https:\/\/bikingbuenosaires.com\/pt-br\/wp-json\/wp\/v2\/comments?post=1377"}],"version-history":[{"count":9,"href":"https:\/\/bikingbuenosaires.com\/pt-br\/wp-json\/wp\/v2\/pages\/1377\/revisions"}],"predecessor-version":[{"id":4117,"href":"https:\/\/bikingbuenosaires.com\/pt-br\/wp-json\/wp\/v2\/pages\/1377\/revisions\/4117"}],"wp:featuredmedia":[{"embeddable":true,"href":"https:\/\/bikingbuenosaires.com\/pt-br\/wp-json\/wp\/v2\/media\/1390"}],"wp:attachment":[{"href":"https:\/\/bikingbuenosaires.com\/pt-br\/wp-json\/wp\/v2\/media?parent=1377"}],"curies":[{"name":"wp","href":"https:\/\/api.w.org\/{rel}","templated":true}]}}