{"id":1375,"date":"2020-01-06T11:01:59","date_gmt":"2020-01-06T14:01:59","guid":{"rendered":"https:\/\/bikingbuenosaires.com\/arrendamento\/"},"modified":"2026-02-08T17:50:09","modified_gmt":"2026-02-08T20:50:09","slug":"alugueis","status":"publish","type":"page","link":"https:\/\/bikingbuenosaires.com\/pt-br\/alugueis\/","title":{"rendered":"Alugu\u00e9is"},"content":{"rendered":"<section class=\"page_content\">\n<div class=\"container\">\n<h1 class=\"section_title\">Aluguel de <span>Bicicletas<\/span><\/h1>\n<div class=\"row justify-content-center\">\n<div class=\"col-lg-10\">\n<p class=\"lead text-center mb-5\">Ainda que pedalar com a gente seja a maneira mais divertida de ver a cidade, n\u00f3s sabemos que alguns aventureiros preferem escolher seu pr\u00f3prio caminho. Nosso aluguel de bicicletas vem com dicas personalizadas para voc\u00ea curtir seu passeio ao m\u00e1ximo. Por favor, preencha o formul\u00e1rio e processaremos sua reserva.<\/p>\n<hr class=\"my-5\">\n<p>                <!-- Pricing --><\/p>\n<div class=\"row\">\n<div class=\"col-md-6 mb-4\">\n<h3 class=\"blue_title\">Pre\u00e7os<\/h3>\n<ul class=\"list-unstyled\">\n<li class=\"mb-2\"><strong>Dia inteiro (24 hs):<\/strong> USD 30<\/li>\n<li class=\"mb-2\"><strong>Meio dia (4 hs):<\/strong> USD 20<\/li>\n<li class=\"mb-2\"><strong>Delivery:<\/strong> USD 35\/bicicleta, com um m\u00ednimo de 2 bicicletas (3 aos domingos)<\/li>\n<\/ul><\/div>\n<div class=\"col-md-6 mb-4\">\n<h3 class=\"blue_title\">Hor\u00e1rio<\/h3>\n<p>Das 9h \u00e0s 18h, todos os dias.<\/p>\n<\/p><\/div>\n<\/p><\/div>\n<hr class=\"my-4\">\n<p>                <!-- Requirements --><\/p>\n<h3 class=\"blue_title\">Requisitos<\/h3>\n<p>Como garantia, voc\u00ea precisa deixar suas informa\u00e7\u00f5es de pagamento e uma foto da sua identidade ou passaporte.<\/p>\n<p>No caso das bicicletas n\u00e3o serem devolvidas ao fim do per\u00edodo acordado, Biking Buenos Aires cobrar\u00e1 o valor da bicicleta.<\/p>\n<hr class=\"my-4\">\n<p>                <!-- Includes --><\/p>\n<h3 class=\"blue_title\">Inclui<\/h3>\n<p>Capacete, cadeado, orienta\u00e7\u00f5es e sugest\u00f5es de rotas para explorar a cidade por voc\u00ea mesmo.<\/p>\n<hr class=\"my-5\">\n<p>                <!-- Contact Form --><\/p>\n<h3 class=\"blue_title text-center\">Solicite sua reserva<\/h3>\n\n<div class=\"wpcf7 no-js\" id=\"wpcf7-f856-o1\" lang=\"en-US\" dir=\"ltr\" data-wpcf7-id=\"856\">\n<div class=\"screen-reader-response\"><p role=\"status\" aria-live=\"polite\" aria-atomic=\"true\"><\/p> <ul><\/ul><\/div>\n<form action=\"\/pt-br\/wp-json\/wp\/v2\/pages\/1375#wpcf7-f856-o1\" method=\"post\" class=\"wpcf7-form init\" aria-label=\"Contact form\" novalidate=\"novalidate\" data-status=\"init\">\n<fieldset class=\"hidden-fields-container\"><input type=\"hidden\" name=\"_wpcf7\" value=\"856\" \/><input type=\"hidden\" name=\"_wpcf7_version\" value=\"6.1.5\" \/><input type=\"hidden\" name=\"_wpcf7_locale\" value=\"en_US\" \/><input type=\"hidden\" name=\"_wpcf7_unit_tag\" value=\"wpcf7-f856-o1\" \/><input type=\"hidden\" name=\"_wpcf7_container_post\" value=\"0\" \/><input type=\"hidden\" name=\"_wpcf7_posted_data_hash\" value=\"\" \/><input type=\"hidden\" name=\"_wpcf7_recaptcha_response\" value=\"\" \/>\n<\/fieldset>\n<div class=\"contact_us_form\">\n\t<div class=\"row\">\n\t\t<div class=\"col-12\">\n\t\t\t<p>Name <span>*<\/span>\n\t\t\t<\/p>\n\t\t<\/div>\n\t<\/div>\n\t<div class=\"row\">\n\t\t<div class=\"col-12 col-sm-6\">\n\t\t\t<p><span class=\"wpcf7-form-control-wrap\" data-name=\"first\"><input size=\"40\" maxlength=\"400\" class=\"wpcf7-form-control wpcf7-text wpcf7-validates-as-required\" aria-required=\"true\" aria-invalid=\"false\" placeholder=\"First\" value=\"\" type=\"text\" name=\"first\" \/><\/span>\n\t\t\t<\/p>\n\t\t<\/div>\n\t\t<div class=\"col-12 col-sm-6\">\n\t\t\t<p><span class=\"wpcf7-form-control-wrap\" data-name=\"last\"><input size=\"40\" maxlength=\"400\" class=\"wpcf7-form-control wpcf7-text wpcf7-validates-as-required\" aria-required=\"true\" aria-invalid=\"false\" placeholder=\"Last\" value=\"\" type=\"text\" name=\"last\" \/><\/span>\n\t\t\t<\/p>\n\t\t<\/div>\n\t<\/div>\n\t<div class=\"row\">\n\t\t<div class=\"col-12\">\n\t\t\t<p>Email <span>*<\/span>\n\t\t\t<\/p>\n\t\t\t<p><span class=\"wpcf7-form-control-wrap\" data-name=\"email\"><input size=\"40\" maxlength=\"400\" class=\"wpcf7-form-control wpcf7-email wpcf7-validates-as-required wpcf7-text wpcf7-validates-as-email\" aria-required=\"true\" aria-invalid=\"false\" value=\"\" type=\"email\" name=\"email\" \/><\/span>\n\t\t\t<\/p>\n\t\t<\/div>\n\t<\/div>\n\t<div class=\"row\">\n\t\t<div class=\"col-12\">\n\t\t\t<p>What day would you like to rent a bike (or bikes)? <span>*<\/span>\n\t\t\t<\/p>\n\t\t\t<p><span class=\"wpcf7-form-control-wrap\" data-name=\"date\"><input class=\"wpcf7-form-control wpcf7-date wpcf7-validates-as-required wpcf7-validates-as-date\" aria-required=\"true\" aria-invalid=\"false\" value=\"\" type=\"date\" name=\"date\" \/><\/span>\n\t\t\t<\/p>\n\t\t<\/div>\n\t<\/div>\n\t<div class=\"row\">\n\t\t<div class=\"col-12\">\n\t\t\t<p>How many bikes would you like to rent? <span>*<\/span>\n\t\t\t<\/p>\n\t\t\t<p><span class=\"wpcf7-form-control-wrap\" data-name=\"quantity\"><input class=\"wpcf7-form-control wpcf7-number wpcf7-validates-as-required wpcf7-validates-as-number\" min=\"1\" max=\"10\" aria-required=\"true\" aria-invalid=\"false\" placeholder=\"Please select a number\" value=\"\" type=\"number\" name=\"quantity\" \/><\/span>\n\t\t\t<\/p>\n\t\t<\/div>\n\t<\/div>\n\t<div class=\"row\">\n\t\t<div class=\"col-12\">\n\t\t\t<p>Approximately what time do you plan to pick up your bike rental?\n\t\t\t<\/p>\n\t\t\t<p><span class=\"wpcf7-form-control-wrap\" data-name=\"time\"><input size=\"40\" maxlength=\"400\" class=\"wpcf7-form-control wpcf7-text\" aria-invalid=\"false\" value=\"\" type=\"text\" name=\"time\" \/><\/span>\n\t\t\t<\/p>\n\t\t<\/div>\n\t<\/div>\n\t<div class=\"row\">\n\t\t<div class=\"col-12\">\n\t\t\t<p>Accommodation\n\t\t\t<\/p>\n\t\t\t<p><span class=\"wpcf7-form-control-wrap\" data-name=\"accomodation\"><input size=\"40\" maxlength=\"400\" class=\"wpcf7-form-control wpcf7-text\" aria-invalid=\"false\" value=\"\" type=\"text\" name=\"accomodation\" \/><\/span>\n\t\t\t<\/p>\n\t\t<\/div>\n\t<\/div>\n\t<div class=\"row\">\n\t\t<div class=\"col-12\">\n\t\t\t<p>Leave us a note if you have any special requests.\n\t\t\t<\/p>\n\t\t\t<p><span class=\"wpcf7-form-control-wrap\" data-name=\"comments\"><textarea cols=\"40\" rows=\"10\" maxlength=\"2000\" class=\"wpcf7-form-control wpcf7-textarea\" aria-invalid=\"false\" name=\"comments\"><\/textarea><\/span>\n\t\t\t<\/p>\n\t\t<\/div>\n\t<\/div>\n\t<div class=\"row\">\n\t\t<div class=\"col-12\">\n\t\t\t<div class=\"submit\">\n\t\t\t\t<p><input class=\"wpcf7-form-control wpcf7-submit has-spinner\" type=\"submit\" value=\"Send\" \/>\n\t\t\t\t<\/p>\n\t\t\t<\/div>\n\t\t<\/div>\n\t<\/div>\n<\/div><div class=\"wpcf7-response-output\" aria-hidden=\"true\"><\/div>\n<\/form>\n<\/div>\n<\/div>\n<\/p><\/div>\n<\/p><\/div>\n<\/section>\n","protected":false},"excerpt":{"rendered":"<p>Aluguel de Bicicletas Ainda que pedalar com a gente seja a maneira mais divertida de ver a cidade, n\u00f3s sabemos que alguns aventureiros preferem escolher seu pr\u00f3prio caminho. Nosso aluguel de bicicletas vem com dicas personalizadas para voc\u00ea curtir seu passeio ao m\u00e1ximo. Por favor, preencha o formul\u00e1rio e processaremos sua reserva. Pre\u00e7os Dia inteiro [&#8230;]<\/p>\n<p><a class=\"btn btn-secondary understrap-read-more-link\" href=\"https:\/\/bikingbuenosaires.com\/pt-br\/alugueis\/\">Leia mais&#8230;<\/a><\/p>\n","protected":false},"author":1,"featured_media":1123,"parent":0,"menu_order":28,"comment_status":"closed","ping_status":"closed","template":"","meta":{"_acf_changed":false,"footnotes":""},"class_list":["post-1375","page","type-page","status-publish","has-post-thumbnail","hentry"],"acf":[],"yoast_head":"<!-- This site is optimized with the Yoast SEO plugin v27.2 - https:\/\/yoast.com\/product\/yoast-seo-wordpress\/ -->\n<title>Alugu\u00e9is - Biking Buenos Aires<\/title>\n<meta name=\"robots\" content=\"index, follow, max-snippet:-1, max-image-preview:large, max-video-preview:-1\" \/>\n<link rel=\"canonical\" href=\"https:\/\/bikingbuenosaires.com\/pt-br\/alugueis\/\" \/>\n<meta property=\"og:locale\" content=\"pt_BR\" \/>\n<meta property=\"og:type\" content=\"article\" \/>\n<meta property=\"og:title\" content=\"Alugu\u00e9is - Biking Buenos Aires\" \/>\n<meta property=\"og:description\" content=\"Aluguel de Bicicletas Ainda que pedalar com a gente seja a maneira mais divertida de ver a cidade, n\u00f3s sabemos que alguns aventureiros preferem escolher seu pr\u00f3prio caminho. Nosso aluguel de bicicletas vem com dicas personalizadas para voc\u00ea curtir seu passeio ao m\u00e1ximo. Por favor, preencha o formul\u00e1rio e processaremos sua reserva. Pre\u00e7os Dia inteiro [...]Leia mais...\" \/>\n<meta property=\"og:url\" content=\"https:\/\/bikingbuenosaires.com\/pt-br\/alugueis\/\" \/>\n<meta property=\"og:site_name\" content=\"Biking Buenos Aires\" \/>\n<meta property=\"article:modified_time\" content=\"2026-02-08T20:50:09+00:00\" \/>\n<meta property=\"og:image\" content=\"https:\/\/bikingbuenosaires.com\/wp-content\/uploads\/2019\/10\/rentals3.jpg\" \/>\n\t<meta property=\"og:image:width\" content=\"1200\" \/>\n\t<meta property=\"og:image:height\" content=\"800\" \/>\n\t<meta property=\"og:image:type\" content=\"image\/jpeg\" \/>\n<meta name=\"twitter:card\" content=\"summary_large_image\" \/>\n<meta name=\"twitter:label1\" content=\"Est. tempo de leitura\" \/>\n\t<meta name=\"twitter:data1\" content=\"1 minuto\" \/>\n<script type=\"application\/ld+json\" class=\"yoast-schema-graph\">{\"@context\":\"https:\/\/schema.org\",\"@graph\":[{\"@type\":\"WebPage\",\"@id\":\"https:\/\/bikingbuenosaires.com\/pt-br\/alugueis\/\",\"url\":\"https:\/\/bikingbuenosaires.com\/pt-br\/alugueis\/\",\"name\":\"Alugu\u00e9is - Biking Buenos Aires\",\"isPartOf\":{\"@id\":\"https:\/\/bikingbuenosaires.com\/pt-br\/#website\"},\"primaryImageOfPage\":{\"@id\":\"https:\/\/bikingbuenosaires.com\/pt-br\/alugueis\/#primaryimage\"},\"image\":{\"@id\":\"https:\/\/bikingbuenosaires.com\/pt-br\/alugueis\/#primaryimage\"},\"thumbnailUrl\":\"https:\/\/bikingbuenosaires.com\/wp-content\/uploads\/2019\/10\/rentals3.jpg\",\"datePublished\":\"2020-01-06T14:01:59+00:00\",\"dateModified\":\"2026-02-08T20:50:09+00:00\",\"breadcrumb\":{\"@id\":\"https:\/\/bikingbuenosaires.com\/pt-br\/alugueis\/#breadcrumb\"},\"inLanguage\":\"pt-BR\",\"potentialAction\":[{\"@type\":\"ReadAction\",\"target\":[\"https:\/\/bikingbuenosaires.com\/pt-br\/alugueis\/\"]}]},{\"@type\":\"ImageObject\",\"inLanguage\":\"pt-BR\",\"@id\":\"https:\/\/bikingbuenosaires.com\/pt-br\/alugueis\/#primaryimage\",\"url\":\"https:\/\/bikingbuenosaires.com\/wp-content\/uploads\/2019\/10\/rentals3.jpg\",\"contentUrl\":\"https:\/\/bikingbuenosaires.com\/wp-content\/uploads\/2019\/10\/rentals3.jpg\",\"width\":1200,\"height\":800,\"caption\":\"Bike rentals Buenos Aires\"},{\"@type\":\"BreadcrumbList\",\"@id\":\"https:\/\/bikingbuenosaires.com\/pt-br\/alugueis\/#breadcrumb\",\"itemListElement\":[{\"@type\":\"ListItem\",\"position\":1,\"name\":\"Home\",\"item\":\"https:\/\/bikingbuenosaires.com\/pt-br\/\"},{\"@type\":\"ListItem\",\"position\":2,\"name\":\"Alugu\u00e9is\"}]},{\"@type\":\"WebSite\",\"@id\":\"https:\/\/bikingbuenosaires.com\/pt-br\/#website\",\"url\":\"https:\/\/bikingbuenosaires.com\/pt-br\/\",\"name\":\"Biking Buenos Aires\",\"description\":\"Seamless adventures on two wheels. We design shortcuts to Porte\u00f1o cultures for demanding travelers in a rush. Book online!\",\"publisher\":{\"@id\":\"https:\/\/bikingbuenosaires.com\/pt-br\/#organization\"},\"potentialAction\":[{\"@type\":\"SearchAction\",\"target\":{\"@type\":\"EntryPoint\",\"urlTemplate\":\"https:\/\/bikingbuenosaires.com\/pt-br\/?s={search_term_string}\"},\"query-input\":{\"@type\":\"PropertyValueSpecification\",\"valueRequired\":true,\"valueName\":\"search_term_string\"}}],\"inLanguage\":\"pt-BR\"},{\"@type\":\"Organization\",\"@id\":\"https:\/\/bikingbuenosaires.com\/pt-br\/#organization\",\"name\":\"Biking Buenos Aires\",\"url\":\"https:\/\/bikingbuenosaires.com\/pt-br\/\",\"logo\":{\"@type\":\"ImageObject\",\"inLanguage\":\"pt-BR\",\"@id\":\"https:\/\/bikingbuenosaires.com\/pt-br\/#\/schema\/logo\/image\/\",\"url\":\"https:\/\/bikingbuenosaires.com\/wp-content\/uploads\/2019\/09\/logo-sticky.png\",\"contentUrl\":\"https:\/\/bikingbuenosaires.com\/wp-content\/uploads\/2019\/09\/logo-sticky.png\",\"width\":72,\"height\":21,\"caption\":\"Biking Buenos Aires\"},\"image\":{\"@id\":\"https:\/\/bikingbuenosaires.com\/pt-br\/#\/schema\/logo\/image\/\"}}]}<\/script>\n<!-- \/ Yoast SEO plugin. -->","yoast_head_json":{"title":"Alugu\u00e9is - Biking Buenos Aires","robots":{"index":"index","follow":"follow","max-snippet":"max-snippet:-1","max-image-preview":"max-image-preview:large","max-video-preview":"max-video-preview:-1"},"canonical":"https:\/\/bikingbuenosaires.com\/pt-br\/alugueis\/","og_locale":"pt_BR","og_type":"article","og_title":"Alugu\u00e9is - Biking Buenos Aires","og_description":"Aluguel de Bicicletas Ainda que pedalar com a gente seja a maneira mais divertida de ver a cidade, n\u00f3s sabemos que alguns aventureiros preferem escolher seu pr\u00f3prio caminho. Nosso aluguel de bicicletas vem com dicas personalizadas para voc\u00ea curtir seu passeio ao m\u00e1ximo. Por favor, preencha o formul\u00e1rio e processaremos sua reserva. Pre\u00e7os Dia inteiro [...]Leia mais...","og_url":"https:\/\/bikingbuenosaires.com\/pt-br\/alugueis\/","og_site_name":"Biking Buenos Aires","article_modified_time":"2026-02-08T20:50:09+00:00","og_image":[{"width":1200,"height":800,"url":"https:\/\/bikingbuenosaires.com\/wp-content\/uploads\/2019\/10\/rentals3.jpg","type":"image\/jpeg"}],"twitter_card":"summary_large_image","twitter_misc":{"Est. tempo de leitura":"1 minuto"},"schema":{"@context":"https:\/\/schema.org","@graph":[{"@type":"WebPage","@id":"https:\/\/bikingbuenosaires.com\/pt-br\/alugueis\/","url":"https:\/\/bikingbuenosaires.com\/pt-br\/alugueis\/","name":"Alugu\u00e9is - Biking Buenos Aires","isPartOf":{"@id":"https:\/\/bikingbuenosaires.com\/pt-br\/#website"},"primaryImageOfPage":{"@id":"https:\/\/bikingbuenosaires.com\/pt-br\/alugueis\/#primaryimage"},"image":{"@id":"https:\/\/bikingbuenosaires.com\/pt-br\/alugueis\/#primaryimage"},"thumbnailUrl":"https:\/\/bikingbuenosaires.com\/wp-content\/uploads\/2019\/10\/rentals3.jpg","datePublished":"2020-01-06T14:01:59+00:00","dateModified":"2026-02-08T20:50:09+00:00","breadcrumb":{"@id":"https:\/\/bikingbuenosaires.com\/pt-br\/alugueis\/#breadcrumb"},"inLanguage":"pt-BR","potentialAction":[{"@type":"ReadAction","target":["https:\/\/bikingbuenosaires.com\/pt-br\/alugueis\/"]}]},{"@type":"ImageObject","inLanguage":"pt-BR","@id":"https:\/\/bikingbuenosaires.com\/pt-br\/alugueis\/#primaryimage","url":"https:\/\/bikingbuenosaires.com\/wp-content\/uploads\/2019\/10\/rentals3.jpg","contentUrl":"https:\/\/bikingbuenosaires.com\/wp-content\/uploads\/2019\/10\/rentals3.jpg","width":1200,"height":800,"caption":"Bike rentals Buenos Aires"},{"@type":"BreadcrumbList","@id":"https:\/\/bikingbuenosaires.com\/pt-br\/alugueis\/#breadcrumb","itemListElement":[{"@type":"ListItem","position":1,"name":"Home","item":"https:\/\/bikingbuenosaires.com\/pt-br\/"},{"@type":"ListItem","position":2,"name":"Alugu\u00e9is"}]},{"@type":"WebSite","@id":"https:\/\/bikingbuenosaires.com\/pt-br\/#website","url":"https:\/\/bikingbuenosaires.com\/pt-br\/","name":"Biking Buenos Aires","description":"Seamless adventures on two wheels. We design shortcuts to Porte\u00f1o cultures for demanding travelers in a rush. Book online!","publisher":{"@id":"https:\/\/bikingbuenosaires.com\/pt-br\/#organization"},"potentialAction":[{"@type":"SearchAction","target":{"@type":"EntryPoint","urlTemplate":"https:\/\/bikingbuenosaires.com\/pt-br\/?s={search_term_string}"},"query-input":{"@type":"PropertyValueSpecification","valueRequired":true,"valueName":"search_term_string"}}],"inLanguage":"pt-BR"},{"@type":"Organization","@id":"https:\/\/bikingbuenosaires.com\/pt-br\/#organization","name":"Biking Buenos Aires","url":"https:\/\/bikingbuenosaires.com\/pt-br\/","logo":{"@type":"ImageObject","inLanguage":"pt-BR","@id":"https:\/\/bikingbuenosaires.com\/pt-br\/#\/schema\/logo\/image\/","url":"https:\/\/bikingbuenosaires.com\/wp-content\/uploads\/2019\/09\/logo-sticky.png","contentUrl":"https:\/\/bikingbuenosaires.com\/wp-content\/uploads\/2019\/09\/logo-sticky.png","width":72,"height":21,"caption":"Biking Buenos Aires"},"image":{"@id":"https:\/\/bikingbuenosaires.com\/pt-br\/#\/schema\/logo\/image\/"}}]}},"_links":{"self":[{"href":"https:\/\/bikingbuenosaires.com\/pt-br\/wp-json\/wp\/v2\/pages\/1375","targetHints":{"allow":["GET"]}}],"collection":[{"href":"https:\/\/bikingbuenosaires.com\/pt-br\/wp-json\/wp\/v2\/pages"}],"about":[{"href":"https:\/\/bikingbuenosaires.com\/pt-br\/wp-json\/wp\/v2\/types\/page"}],"author":[{"embeddable":true,"href":"https:\/\/bikingbuenosaires.com\/pt-br\/wp-json\/wp\/v2\/users\/1"}],"replies":[{"embeddable":true,"href":"https:\/\/bikingbuenosaires.com\/pt-br\/wp-json\/wp\/v2\/comments?post=1375"}],"version-history":[{"count":4,"href":"https:\/\/bikingbuenosaires.com\/pt-br\/wp-json\/wp\/v2\/pages\/1375\/revisions"}],"predecessor-version":[{"id":4079,"href":"https:\/\/bikingbuenosaires.com\/pt-br\/wp-json\/wp\/v2\/pages\/1375\/revisions\/4079"}],"wp:featuredmedia":[{"embeddable":true,"href":"https:\/\/bikingbuenosaires.com\/pt-br\/wp-json\/wp\/v2\/media\/1123"}],"wp:attachment":[{"href":"https:\/\/bikingbuenosaires.com\/pt-br\/wp-json\/wp\/v2\/media?parent=1375"}],"curies":[{"name":"wp","href":"https:\/\/api.w.org\/{rel}","templated":true}]}}