{"id":1255,"date":"2020-01-03T14:13:15","date_gmt":"2020-01-03T17:13:15","guid":{"rendered":"https:\/\/bikingbuenosaires.com\/agencias\/"},"modified":"2026-02-08T17:42:28","modified_gmt":"2026-02-08T20:42:28","slug":"agencias","status":"publish","type":"page","link":"https:\/\/bikingbuenosaires.com\/pt-br\/agencias\/","title":{"rendered":"Ag\u00eancias"},"content":{"rendered":"<section class=\"page_content\">\n<div class=\"container\">\n<h1 class=\"section_title\">Ag\u00eancias e <span>Parceiros<\/span><\/h1>\n<div class=\"row justify-content-center\">\n<div class=\"col-lg-10\">\n<p class=\"lead text-center mb-5\"><strong>Queridos colegas de ag\u00eancias de viagens, DMCs e revendedores:<\/strong><\/p>\n<p>Mais do que nunca, estamos utilizando nosso servi\u00e7o de B2B como um canal de aten\u00e7\u00e3o &#8220;exclusiva&#8221;: <a href=\"mailto:b2b@bikingbuenosaires.com\">b2b@bikingbuenosaires.com<\/a><\/p>\n<p>Clientes antigos podem utilizar as mesmas ferramentas de reserva e contatos usadas anteriormente.<\/p>\n<hr class=\"my-5\">\n<p>                <!-- What we offer --><\/p>\n<h3 class=\"blue_title\">O que temos pra voc\u00ea?<\/h3>\n<ul>\n<li>Aten\u00e7\u00e3o personalizada<\/li>\n<li>Vantagens comerciais<\/li>\n<li>Prazo de 48hs para or\u00e7amentos de Tours sob medida<\/li>\n<li>Melhor qualidade de servi\u00e7o para voc\u00ea e seus clientes, e, claro, para uma rela\u00e7\u00e3o duradoura.<\/li>\n<\/ul>\n<hr class=\"my-5\">\n<p>                <!-- Story --><\/p>\n<h3 class=\"blue_title\">Mas muitos de voc\u00eas j\u00e1 nos conhece!<\/h3>\n<p><strong>E alguns por mais de 15 anos e 300 mil Kms. Quer ouvir uma hist\u00f3ria?<\/strong><\/p>\n<p>H\u00e1 tr\u00eas anos conhecemos Chapa, um empres\u00e1rio sazonal de bike tours que, al\u00e9m disto, possui um cinema. Ele realizou um trabalho incr\u00edvel no que diz respeito a valorizar a bicicleta como um produto para ag\u00eancias de viagem. Ele tamb\u00e9m inovou com o primeiro tour de bicicleta para o Delta do Tigre e as primeiras Bicicletas de Bamboo para aluguel em Buenos Aires.<\/p>\n<p>N\u00f3s compartilhamos muitos valores (sustentabilidade, inova\u00e7\u00e3o, servi\u00e7o de alta qualidade), e percebemos que n\u00e3o tinha muito sentido seguir competindo. Ent\u00e3o, decidimos fusionar nossas empresas para criar a maior operadora de Bike tours de Buenos Aires. Ap\u00f3s dois anos dedicados a alinhar nossos processos, estamos orgulhosos em anunciar que os a experi\u00eancia da Urban Biking se fusionaram com a vis\u00e3o inquieta do Biking Buenos Aires para oferecer o melhor de uma inesquec\u00edvel aventura sobre duas rodas.<\/p>\n<p>A marca Urban Biking est\u00e1, de agora em diante, envolvida no uso corporativo de bicicletas, com o prop\u00f3sito de melhorar a intera\u00e7\u00e3o di\u00e1ria no tr\u00e2nsito entre os portenhos. N\u00f3s oferecemos empresas a chance de entrar de vez na mudan\u00e7a cultural que a mobilidade sustent\u00e1vel representa.<\/p>\n<hr class=\"my-5\">\n<p>                <!-- Contact Form --><\/p>\n<h3 class=\"blue_title text-center\">Entre em contato<\/h3>\n\n<div class=\"wpcf7 no-js\" id=\"wpcf7-f2257-o1\" lang=\"en-US\" dir=\"ltr\" data-wpcf7-id=\"2257\">\n<div class=\"screen-reader-response\"><p role=\"status\" aria-live=\"polite\" aria-atomic=\"true\"><\/p> <ul><\/ul><\/div>\n<form action=\"\/pt-br\/wp-json\/wp\/v2\/pages\/1255#wpcf7-f2257-o1\" method=\"post\" class=\"wpcf7-form init\" aria-label=\"Contact form\" novalidate=\"novalidate\" data-status=\"init\">\n<fieldset class=\"hidden-fields-container\"><input type=\"hidden\" name=\"_wpcf7\" value=\"2257\" \/><input type=\"hidden\" name=\"_wpcf7_version\" value=\"6.1.5\" \/><input type=\"hidden\" name=\"_wpcf7_locale\" value=\"en_US\" \/><input type=\"hidden\" name=\"_wpcf7_unit_tag\" value=\"wpcf7-f2257-o1\" \/><input type=\"hidden\" name=\"_wpcf7_container_post\" value=\"0\" \/><input type=\"hidden\" name=\"_wpcf7_posted_data_hash\" value=\"\" \/><input type=\"hidden\" name=\"_wpcf7_recaptcha_response\" value=\"\" \/>\n<\/fieldset>\n<div class=\"contact_us_form\">\n\t<div class=\"row\">\n\t\t<div class=\"col-12\">\n\t\t\t<p>Name <span>*<\/span>\n\t\t\t<\/p>\n\t\t<\/div>\n\t<\/div>\n\t<div class=\"row\">\n\t\t<div class=\"col-12 col-sm-6\">\n\t\t\t<p><span class=\"wpcf7-form-control-wrap\" data-name=\"first_name\"><input size=\"40\" maxlength=\"400\" class=\"wpcf7-form-control wpcf7-text wpcf7-validates-as-required\" aria-required=\"true\" aria-invalid=\"false\" placeholder=\"First\" value=\"\" type=\"text\" name=\"first_name\" \/><\/span>\n\t\t\t<\/p>\n\t\t<\/div>\n\t\t<div class=\"col-12 col-sm-6\">\n\t\t\t<p><span class=\"wpcf7-form-control-wrap\" data-name=\"last_name\"><input size=\"40\" maxlength=\"400\" class=\"wpcf7-form-control wpcf7-text wpcf7-validates-as-required\" aria-required=\"true\" aria-invalid=\"false\" placeholder=\"Last\" value=\"\" type=\"text\" name=\"last_name\" \/><\/span>\n\t\t\t<\/p>\n\t\t<\/div>\n\t<\/div>\n\t<div class=\"row\">\n\t\t<div class=\"col-12\">\n\t\t\t<p>Contact information <span>*<\/span>\n\t\t\t<\/p>\n\t\t<\/div>\n\t<\/div>\n\t<div class=\"row\">\n\t\t<div class=\"col-12 col-sm-6\">\n\t\t\t<p><span class=\"wpcf7-form-control-wrap\" data-name=\"email\"><input size=\"40\" maxlength=\"400\" class=\"wpcf7-form-control wpcf7-email wpcf7-validates-as-required wpcf7-text wpcf7-validates-as-email\" aria-required=\"true\" aria-invalid=\"false\" placeholder=\"Email\" value=\"\" type=\"email\" name=\"email\" \/><\/span>\n\t\t\t<\/p>\n\t\t<\/div>\n\t\t<div class=\"col-12 col-sm-6\">\n\t\t\t<p><span class=\"wpcf7-form-control-wrap\" data-name=\"phone\"><input size=\"40\" maxlength=\"400\" class=\"wpcf7-form-control wpcf7-text wpcf7-validates-as-required\" aria-required=\"true\" aria-invalid=\"false\" placeholder=\"Phone\" value=\"\" type=\"text\" name=\"phone\" \/><\/span>\n\t\t\t<\/p>\n\t\t<\/div>\n\t<\/div>\n\t<div class=\"row\">\n\t\t<div class=\"col-12\">\n\t\t\t<p>Agency information <span>*<\/span>\n\t\t\t<\/p>\n\t\t<\/div>\n\t<\/div>\n\t<div class=\"row\">\n\t\t<div class=\"col-12 col-sm-6\">\n\t\t\t<p><span class=\"wpcf7-form-control-wrap\" data-name=\"agency_name\"><input size=\"40\" maxlength=\"400\" class=\"wpcf7-form-control wpcf7-text wpcf7-validates-as-required\" aria-required=\"true\" aria-invalid=\"false\" placeholder=\"Name\" value=\"\" type=\"text\" name=\"agency_name\" \/><\/span>\n\t\t\t<\/p>\n\t\t<\/div>\n\t\t<div class=\"col-12 col-sm-6\">\n\t\t\t<p><span class=\"wpcf7-form-control-wrap\" data-name=\"agency_country\"><input size=\"40\" maxlength=\"400\" class=\"wpcf7-form-control wpcf7-text wpcf7-validates-as-required\" aria-required=\"true\" aria-invalid=\"false\" placeholder=\"Country\" value=\"\" type=\"text\" name=\"agency_country\" \/><\/span>\n\t\t\t<\/p>\n\t\t<\/div>\n\t<\/div>\n\t<div class=\"row\">\n\t\t<div class=\"col-12\">\n\t\t\t<p>Additional comments\n\t\t\t<\/p>\n\t\t\t<p><span class=\"wpcf7-form-control-wrap\" data-name=\"comments\"><textarea cols=\"40\" rows=\"10\" maxlength=\"2000\" class=\"wpcf7-form-control wpcf7-textarea\" aria-invalid=\"false\" name=\"comments\"><\/textarea><\/span>\n\t\t\t<\/p>\n\t\t<\/div>\n\t<\/div>\n\t<div class=\"row\">\n\t\t<div class=\"col-12\">\n\t\t\t<div class=\"submit\">\n\t\t\t\t<p><input class=\"wpcf7-form-control wpcf7-submit has-spinner\" type=\"submit\" value=\"Send\" \/>\n\t\t\t\t<\/p>\n\t\t\t<\/div>\n\t\t<\/div>\n\t<\/div>\n<\/div><div class=\"wpcf7-response-output\" aria-hidden=\"true\"><\/div>\n<\/form>\n<\/div>\n\n<p>                <!-- Image --><\/p>\n<div class=\"text-center mt-5\">\n                    <img decoding=\"async\" class=\"img-fluid\" src=\"https:\/\/bikingbuenosaires.com\/wp-content\/uploads\/2023\/04\/biking-agencies-1-1024x683.jpg\" alt=\"Biking Buenos Aires - Agencies\">\n                <\/div>\n<\/p><\/div>\n<\/p><\/div>\n<\/p><\/div>\n<\/section>\n","protected":false},"excerpt":{"rendered":"<p>Ag\u00eancias e Parceiros Queridos colegas de ag\u00eancias de viagens, DMCs e revendedores: Mais do que nunca, estamos utilizando nosso servi\u00e7o de B2B como um canal de aten\u00e7\u00e3o &#8220;exclusiva&#8221;: b2b@bikingbuenosaires.com Clientes antigos podem utilizar as mesmas ferramentas de reserva e contatos usadas anteriormente. O que temos pra voc\u00ea? Aten\u00e7\u00e3o personalizada Vantagens comerciais Prazo de 48hs para [&#8230;]<\/p>\n<p><a class=\"btn btn-secondary understrap-read-more-link\" href=\"https:\/\/bikingbuenosaires.com\/pt-br\/agencias\/\">Leia mais&#8230;<\/a><\/p>\n","protected":false},"author":1,"featured_media":3599,"parent":0,"menu_order":25,"comment_status":"closed","ping_status":"closed","template":"","meta":{"_acf_changed":false,"footnotes":""},"class_list":["post-1255","page","type-page","status-publish","has-post-thumbnail","hentry"],"acf":[],"yoast_head":"<!-- This site is optimized with the Yoast SEO plugin v27.2 - https:\/\/yoast.com\/product\/yoast-seo-wordpress\/ -->\n<title>Ag\u00eancias - Biking Buenos Aires<\/title>\n<meta name=\"robots\" content=\"index, follow, max-snippet:-1, max-image-preview:large, max-video-preview:-1\" \/>\n<link rel=\"canonical\" href=\"https:\/\/bikingbuenosaires.com\/pt-br\/agencias\/\" \/>\n<meta property=\"og:locale\" content=\"pt_BR\" \/>\n<meta property=\"og:type\" content=\"article\" \/>\n<meta property=\"og:title\" content=\"Ag\u00eancias - Biking Buenos Aires\" \/>\n<meta property=\"og:description\" content=\"Ag\u00eancias e Parceiros Queridos colegas de ag\u00eancias de viagens, DMCs e revendedores: Mais do que nunca, estamos utilizando nosso servi\u00e7o de B2B como um canal de aten\u00e7\u00e3o &#8220;exclusiva&#8221;: b2b@bikingbuenosaires.com Clientes antigos podem utilizar as mesmas ferramentas de reserva e contatos usadas anteriormente. O que temos pra voc\u00ea? Aten\u00e7\u00e3o personalizada Vantagens comerciais Prazo de 48hs para [...]Leia mais...\" \/>\n<meta property=\"og:url\" content=\"https:\/\/bikingbuenosaires.com\/pt-br\/agencias\/\" \/>\n<meta property=\"og:site_name\" content=\"Biking Buenos Aires\" \/>\n<meta property=\"article:modified_time\" content=\"2026-02-08T20:42:28+00:00\" \/>\n<meta property=\"og:image\" content=\"https:\/\/bikingbuenosaires.com\/wp-content\/uploads\/2024\/10\/53-1024x576.png\" \/>\n\t<meta property=\"og:image:width\" content=\"1024\" \/>\n\t<meta property=\"og:image:height\" content=\"576\" \/>\n\t<meta property=\"og:image:type\" content=\"image\/png\" \/>\n<meta name=\"twitter:card\" content=\"summary_large_image\" \/>\n<meta name=\"twitter:label1\" content=\"Est. tempo de leitura\" \/>\n\t<meta name=\"twitter:data1\" content=\"3 minutos\" \/>\n<script type=\"application\/ld+json\" class=\"yoast-schema-graph\">{\"@context\":\"https:\/\/schema.org\",\"@graph\":[{\"@type\":\"WebPage\",\"@id\":\"https:\/\/bikingbuenosaires.com\/pt-br\/agencias\/\",\"url\":\"https:\/\/bikingbuenosaires.com\/pt-br\/agencias\/\",\"name\":\"Ag\u00eancias - Biking Buenos Aires\",\"isPartOf\":{\"@id\":\"https:\/\/bikingbuenosaires.com\/pt-br\/#website\"},\"primaryImageOfPage\":{\"@id\":\"https:\/\/bikingbuenosaires.com\/pt-br\/agencias\/#primaryimage\"},\"image\":{\"@id\":\"https:\/\/bikingbuenosaires.com\/pt-br\/agencias\/#primaryimage\"},\"thumbnailUrl\":\"https:\/\/bikingbuenosaires.com\/wp-content\/uploads\/2024\/10\/53.png\",\"datePublished\":\"2020-01-03T17:13:15+00:00\",\"dateModified\":\"2026-02-08T20:42:28+00:00\",\"breadcrumb\":{\"@id\":\"https:\/\/bikingbuenosaires.com\/pt-br\/agencias\/#breadcrumb\"},\"inLanguage\":\"pt-BR\",\"potentialAction\":[{\"@type\":\"ReadAction\",\"target\":[\"https:\/\/bikingbuenosaires.com\/pt-br\/agencias\/\"]}]},{\"@type\":\"ImageObject\",\"inLanguage\":\"pt-BR\",\"@id\":\"https:\/\/bikingbuenosaires.com\/pt-br\/agencias\/#primaryimage\",\"url\":\"https:\/\/bikingbuenosaires.com\/wp-content\/uploads\/2024\/10\/53.png\",\"contentUrl\":\"https:\/\/bikingbuenosaires.com\/wp-content\/uploads\/2024\/10\/53.png\",\"width\":1920,\"height\":1080,\"caption\":\"Mice and groups. DMC\"},{\"@type\":\"BreadcrumbList\",\"@id\":\"https:\/\/bikingbuenosaires.com\/pt-br\/agencias\/#breadcrumb\",\"itemListElement\":[{\"@type\":\"ListItem\",\"position\":1,\"name\":\"Home\",\"item\":\"https:\/\/bikingbuenosaires.com\/pt-br\/\"},{\"@type\":\"ListItem\",\"position\":2,\"name\":\"Ag\u00eancias\"}]},{\"@type\":\"WebSite\",\"@id\":\"https:\/\/bikingbuenosaires.com\/pt-br\/#website\",\"url\":\"https:\/\/bikingbuenosaires.com\/pt-br\/\",\"name\":\"Biking Buenos Aires\",\"description\":\"Seamless adventures on two wheels. We design shortcuts to Porte\u00f1o cultures for demanding travelers in a rush. Book online!\",\"publisher\":{\"@id\":\"https:\/\/bikingbuenosaires.com\/pt-br\/#organization\"},\"potentialAction\":[{\"@type\":\"SearchAction\",\"target\":{\"@type\":\"EntryPoint\",\"urlTemplate\":\"https:\/\/bikingbuenosaires.com\/pt-br\/?s={search_term_string}\"},\"query-input\":{\"@type\":\"PropertyValueSpecification\",\"valueRequired\":true,\"valueName\":\"search_term_string\"}}],\"inLanguage\":\"pt-BR\"},{\"@type\":\"Organization\",\"@id\":\"https:\/\/bikingbuenosaires.com\/pt-br\/#organization\",\"name\":\"Biking Buenos Aires\",\"url\":\"https:\/\/bikingbuenosaires.com\/pt-br\/\",\"logo\":{\"@type\":\"ImageObject\",\"inLanguage\":\"pt-BR\",\"@id\":\"https:\/\/bikingbuenosaires.com\/pt-br\/#\/schema\/logo\/image\/\",\"url\":\"https:\/\/bikingbuenosaires.com\/wp-content\/uploads\/2019\/09\/logo-sticky.png\",\"contentUrl\":\"https:\/\/bikingbuenosaires.com\/wp-content\/uploads\/2019\/09\/logo-sticky.png\",\"width\":72,\"height\":21,\"caption\":\"Biking Buenos Aires\"},\"image\":{\"@id\":\"https:\/\/bikingbuenosaires.com\/pt-br\/#\/schema\/logo\/image\/\"}}]}<\/script>\n<!-- \/ Yoast SEO plugin. -->","yoast_head_json":{"title":"Ag\u00eancias - Biking Buenos Aires","robots":{"index":"index","follow":"follow","max-snippet":"max-snippet:-1","max-image-preview":"max-image-preview:large","max-video-preview":"max-video-preview:-1"},"canonical":"https:\/\/bikingbuenosaires.com\/pt-br\/agencias\/","og_locale":"pt_BR","og_type":"article","og_title":"Ag\u00eancias - Biking Buenos Aires","og_description":"Ag\u00eancias e Parceiros Queridos colegas de ag\u00eancias de viagens, DMCs e revendedores: Mais do que nunca, estamos utilizando nosso servi\u00e7o de B2B como um canal de aten\u00e7\u00e3o &#8220;exclusiva&#8221;: b2b@bikingbuenosaires.com Clientes antigos podem utilizar as mesmas ferramentas de reserva e contatos usadas anteriormente. O que temos pra voc\u00ea? Aten\u00e7\u00e3o personalizada Vantagens comerciais Prazo de 48hs para [...]Leia mais...","og_url":"https:\/\/bikingbuenosaires.com\/pt-br\/agencias\/","og_site_name":"Biking Buenos Aires","article_modified_time":"2026-02-08T20:42:28+00:00","og_image":[{"width":1024,"height":576,"url":"https:\/\/bikingbuenosaires.com\/wp-content\/uploads\/2024\/10\/53-1024x576.png","type":"image\/png"}],"twitter_card":"summary_large_image","twitter_misc":{"Est. tempo de leitura":"3 minutos"},"schema":{"@context":"https:\/\/schema.org","@graph":[{"@type":"WebPage","@id":"https:\/\/bikingbuenosaires.com\/pt-br\/agencias\/","url":"https:\/\/bikingbuenosaires.com\/pt-br\/agencias\/","name":"Ag\u00eancias - Biking Buenos Aires","isPartOf":{"@id":"https:\/\/bikingbuenosaires.com\/pt-br\/#website"},"primaryImageOfPage":{"@id":"https:\/\/bikingbuenosaires.com\/pt-br\/agencias\/#primaryimage"},"image":{"@id":"https:\/\/bikingbuenosaires.com\/pt-br\/agencias\/#primaryimage"},"thumbnailUrl":"https:\/\/bikingbuenosaires.com\/wp-content\/uploads\/2024\/10\/53.png","datePublished":"2020-01-03T17:13:15+00:00","dateModified":"2026-02-08T20:42:28+00:00","breadcrumb":{"@id":"https:\/\/bikingbuenosaires.com\/pt-br\/agencias\/#breadcrumb"},"inLanguage":"pt-BR","potentialAction":[{"@type":"ReadAction","target":["https:\/\/bikingbuenosaires.com\/pt-br\/agencias\/"]}]},{"@type":"ImageObject","inLanguage":"pt-BR","@id":"https:\/\/bikingbuenosaires.com\/pt-br\/agencias\/#primaryimage","url":"https:\/\/bikingbuenosaires.com\/wp-content\/uploads\/2024\/10\/53.png","contentUrl":"https:\/\/bikingbuenosaires.com\/wp-content\/uploads\/2024\/10\/53.png","width":1920,"height":1080,"caption":"Mice and groups. DMC"},{"@type":"BreadcrumbList","@id":"https:\/\/bikingbuenosaires.com\/pt-br\/agencias\/#breadcrumb","itemListElement":[{"@type":"ListItem","position":1,"name":"Home","item":"https:\/\/bikingbuenosaires.com\/pt-br\/"},{"@type":"ListItem","position":2,"name":"Ag\u00eancias"}]},{"@type":"WebSite","@id":"https:\/\/bikingbuenosaires.com\/pt-br\/#website","url":"https:\/\/bikingbuenosaires.com\/pt-br\/","name":"Biking Buenos Aires","description":"Seamless adventures on two wheels. We design shortcuts to Porte\u00f1o cultures for demanding travelers in a rush. Book online!","publisher":{"@id":"https:\/\/bikingbuenosaires.com\/pt-br\/#organization"},"potentialAction":[{"@type":"SearchAction","target":{"@type":"EntryPoint","urlTemplate":"https:\/\/bikingbuenosaires.com\/pt-br\/?s={search_term_string}"},"query-input":{"@type":"PropertyValueSpecification","valueRequired":true,"valueName":"search_term_string"}}],"inLanguage":"pt-BR"},{"@type":"Organization","@id":"https:\/\/bikingbuenosaires.com\/pt-br\/#organization","name":"Biking Buenos Aires","url":"https:\/\/bikingbuenosaires.com\/pt-br\/","logo":{"@type":"ImageObject","inLanguage":"pt-BR","@id":"https:\/\/bikingbuenosaires.com\/pt-br\/#\/schema\/logo\/image\/","url":"https:\/\/bikingbuenosaires.com\/wp-content\/uploads\/2019\/09\/logo-sticky.png","contentUrl":"https:\/\/bikingbuenosaires.com\/wp-content\/uploads\/2019\/09\/logo-sticky.png","width":72,"height":21,"caption":"Biking Buenos Aires"},"image":{"@id":"https:\/\/bikingbuenosaires.com\/pt-br\/#\/schema\/logo\/image\/"}}]}},"_links":{"self":[{"href":"https:\/\/bikingbuenosaires.com\/pt-br\/wp-json\/wp\/v2\/pages\/1255","targetHints":{"allow":["GET"]}}],"collection":[{"href":"https:\/\/bikingbuenosaires.com\/pt-br\/wp-json\/wp\/v2\/pages"}],"about":[{"href":"https:\/\/bikingbuenosaires.com\/pt-br\/wp-json\/wp\/v2\/types\/page"}],"author":[{"embeddable":true,"href":"https:\/\/bikingbuenosaires.com\/pt-br\/wp-json\/wp\/v2\/users\/1"}],"replies":[{"embeddable":true,"href":"https:\/\/bikingbuenosaires.com\/pt-br\/wp-json\/wp\/v2\/comments?post=1255"}],"version-history":[{"count":6,"href":"https:\/\/bikingbuenosaires.com\/pt-br\/wp-json\/wp\/v2\/pages\/1255\/revisions"}],"predecessor-version":[{"id":4078,"href":"https:\/\/bikingbuenosaires.com\/pt-br\/wp-json\/wp\/v2\/pages\/1255\/revisions\/4078"}],"wp:featuredmedia":[{"embeddable":true,"href":"https:\/\/bikingbuenosaires.com\/pt-br\/wp-json\/wp\/v2\/media\/3599"}],"wp:attachment":[{"href":"https:\/\/bikingbuenosaires.com\/pt-br\/wp-json\/wp\/v2\/media?parent=1255"}],"curies":[{"name":"wp","href":"https:\/\/api.w.org\/{rel}","templated":true}]}}