{"id":1403,"date":"2020-01-06T12:11:06","date_gmt":"2020-01-06T15:11:06","guid":{"rendered":"https:\/\/bikingbuenosaires.com\/comite-estrategico-sonrisas\/"},"modified":"2026-02-15T14:56:23","modified_gmt":"2026-02-15T17:56:23","slug":"comite-estrategico-sonrisas","status":"publish","type":"page","link":"https:\/\/bikingbuenosaires.com\/es\/comite-estrategico-sonrisas\/","title":{"rendered":"Comit\u00e9 Estrat\u00e9gico de Sonrisas"},"content":{"rendered":"<section class=\"page_content\">\n<div class=\"container\">\n<p>        <!-- Header --><\/p>\n<h2 class=\"section_title\">Comit\u00e9 Estrat\u00e9gico de <span>Sonrisas<\/span><\/h2>\n<h4 class=\"text-center mb-5\">Pero si vos quer\u00e9s, ac\u00e1 ten\u00e9s una lista de sus especialidades:<\/h4>\n<p>        <!-- Grid --><\/p>\n<div class=\"row\">\n<p>            <!-- Mal tiempo --><\/p>\n<div class=\"col-md-6 col-lg-4 mb-5 text-center\">\n                <img loading=\"lazy\" decoding=\"async\" src=\"https:\/\/bikingbuenosaires.com\/wp-content\/uploads\/2019\/10\/rain-1-150x150.png\" alt=\"Mal tiempo\" width=\"150\" height=\"150\" class=\"mb-3\"><\/p>\n<h2 class=\"blue_title\" style=\"font-size:1.5rem;\">Mal tiempo<\/h2>\n<p>\u00a1No llueve a menos que nosotros digamos! Revisamos las condiciones del tiempo y, si no son seguras, cancelamos los tours. Nuestro Departamento de Amor Pluvial ha desarrollado algunas mejoras para que te olvides de la lluvia\u2026 o incluso te termine gustando. De su \u00faltimo informe anual se puede extraer que, estad\u00edsticamente hablando, los mejores recuerdos de las vacaciones se generaron en d\u00edas lluviosos.<\/p>\n<\/p><\/div>\n<p>            <!-- Reembolso --><\/p>\n<div class=\"col-md-6 col-lg-4 mb-5 text-center\">\n                <img loading=\"lazy\" decoding=\"async\" src=\"https:\/\/bikingbuenosaires.com\/wp-content\/uploads\/2019\/10\/money-1-150x150.png\" alt=\"Reembolso\" width=\"150\" height=\"150\" class=\"mb-3\"><\/p>\n<h2 class=\"blue_title\" style=\"font-size:1.5rem;\">Reembolso<\/h2>\n<p>Se puede cancelar sin costo alguno hasta 24 horas antes del tour. Se devuelve el 50% si la cancelaci\u00f3n ocurre dentro de las 24 horas previas al tour.<\/p>\n<\/p><\/div>\n<p>            <!-- Reagendar --><\/p>\n<div class=\"col-md-6 col-lg-4 mb-5 text-center\">\n                <img loading=\"lazy\" decoding=\"async\" src=\"https:\/\/bikingbuenosaires.com\/wp-content\/uploads\/2019\/10\/cancelations-1-150x150.png\" alt=\"Reagendar\" width=\"150\" height=\"150\" class=\"mb-3\"><\/p>\n<h2 class=\"blue_title\" style=\"font-size:1.5rem;\">Reagendar<\/h2>\n<p>Se puede recalendarizar sin costo alguno hasta 24 horas antes del tour. Se cobra un recargo de USD 20 si el aviso se hace dentro de las 24 horas previas al tour.<\/p>\n<\/p><\/div>\n<p>            <!-- Familias --><\/p>\n<div class=\"col-md-6 col-lg-4 mb-5 text-center\">\n                <img loading=\"lazy\" decoding=\"async\" src=\"https:\/\/bikingbuenosaires.com\/wp-content\/uploads\/2019\/10\/kids-1-150x150.png\" alt=\"Familias\" width=\"150\" height=\"150\" class=\"mb-3\"><\/p>\n<h2 class=\"blue_title\" style=\"font-size:1.5rem;\">Familias<\/h2>\n<p>Con el objetivo de no afectar al resto del grupo, nuestros tours regulares est\u00e1n abiertos para ni\u00f1os de 12 a\u00f1os en adelante. Para menores de 12 a\u00f1os, por favor revisar nuestras <a href=\"https:\/\/bikingbuenosaires.com\/es\/contactanos\/\">Rutas Privadas<\/a> o cont\u00e1ctanos al +54 11 4300 5373.<\/p>\n<\/p><\/div>\n<p>            <!-- Contenido libre de chamuyo --><\/p>\n<div class=\"col-md-6 col-lg-4 mb-5 text-center\">\n                <img loading=\"lazy\" decoding=\"async\" src=\"https:\/\/bikingbuenosaires.com\/wp-content\/uploads\/2019\/10\/chamullo-150x150.png\" alt=\"Contenido libre de chamuyo\" width=\"150\" height=\"150\" class=\"mb-3\"><\/p>\n<h2 class=\"blue_title\" style=\"font-size:1.5rem;\">Contenido libre de chamuyo<\/h2>\n<p>Tenemos una respuesta sensata hasta para tus preguntas m\u00e1s extra\u00f1as.<\/p>\n<\/p><\/div>\n<p>            <!-- Condiciones especiales --><\/p>\n<div class=\"col-md-6 col-lg-4 mb-5 text-center\">\n                <img loading=\"lazy\" decoding=\"async\" src=\"https:\/\/bikingbuenosaires.com\/wp-content\/uploads\/2019\/10\/crazy-150x150.png\" alt=\"Condiciones especiales\" width=\"150\" height=\"150\" class=\"mb-3\"><\/p>\n<h2 class=\"blue_title\" style=\"font-size:1.5rem;\">Condiciones especiales<\/h2>\n<p>SOLO EN TEMPORADA ALTA (del 20\/12 al 5\/1): Estas semanas son, por lejos, nuestro per\u00edodo del a\u00f1o con m\u00e1s movimiento. Esperamos puedas comprender que, debido al n\u00famero limitado de lugares disponibles, no podemos reembolsar ni recalendarizar dentro de las 48 horas previas al tour.<\/p>\n<\/p><\/div>\n<p>            <!-- Seguridad - Full width --><\/p>\n<div class=\"col-12 mb-5 text-center\">\n                <img loading=\"lazy\" decoding=\"async\" src=\"https:\/\/bikingbuenosaires.com\/wp-content\/uploads\/2019\/10\/bpi-150x150.png\" alt=\"Seguridad\" width=\"150\" height=\"150\" class=\"mb-3\"><\/p>\n<h2 class=\"blue_title\" style=\"font-size:1.5rem;\">Seguridad<\/h2>\n<p>Por supuesto que proveemos indumentaria de seguridad (cascos y bicis seguras).<\/p>\n<p>Por supuesto que usamos senderos de bici donde nos sea posible. Sin embargo, la noci\u00f3n y las habilidades de seguridad de nuestros gu\u00edas van m\u00e1s all\u00e1:<\/p>\n<ul class=\"list-unstyled\">\n<li>\u2013 R\u00e1pidamente identificar cu\u00e1ndo est\u00e1s confiado sobre la bici y cu\u00e1ndo no<\/li>\n<li>\u2013 Anticipar los movimientos del tr\u00e1fico y la trayectoria del grupo<\/li>\n<li>\u2013 Conocer las reglas de la calle y las costumbres locales<\/li>\n<li>\u2013 Adaptar la ruta al contexto de la ciudad (tenemos planes B en caso de cualquier inconveniente)<\/li>\n<li>\u2013 1 gu\u00eda por cada 5 pasajeros (la proporci\u00f3n m\u00e1s segura de Buenos Aires)<\/li>\n<\/ul><\/div>\n<\/p><\/div>\n<p>        <!-- Buttons --><\/p>\n<div class=\"text-center mt-4\">\n            <a class=\"btn-biking px-4 py-2 mr-3\" href=\"https:\/\/bikingbuenosaires.com\/es\/terminos-y-condiciones\/\">Preguntas Frecuentes<\/a><br \/>\n            <a class=\"btn-biking btn-biking-secondary px-4 py-2\" href=\"https:\/\/bikingbuenosaires.com\/es\/terminos-y-condiciones\/\">T\u00e9rminos y condiciones<\/a>\n        <\/div>\n<\/p><\/div>\n<\/section>\n","protected":false},"excerpt":{"rendered":"<p>Comit\u00e9 Estrat\u00e9gico de Sonrisas Pero si vos quer\u00e9s, ac\u00e1 ten\u00e9s una lista de sus especialidades: Mal tiempo \u00a1No llueve a menos que nosotros digamos! Revisamos las condiciones del tiempo y, si no son seguras, cancelamos los tours. Nuestro Departamento de Amor Pluvial ha desarrollado algunas mejoras para que te olvides de la lluvia\u2026 o incluso [&#8230;]<\/p>\n<p><a class=\"btn btn-secondary understrap-read-more-link\" href=\"https:\/\/bikingbuenosaires.com\/es\/comite-estrategico-sonrisas\/\">Leer m\u00e1s&#8230;<\/a><\/p>\n","protected":false},"author":1,"featured_media":708,"parent":0,"menu_order":31,"comment_status":"closed","ping_status":"closed","template":"","meta":{"_acf_changed":false,"footnotes":""},"class_list":["post-1403","page","type-page","status-publish","has-post-thumbnail","hentry"],"acf":[],"yoast_head":"<!-- This site is optimized with the Yoast SEO plugin v27.2 - https:\/\/yoast.com\/product\/yoast-seo-wordpress\/ -->\n<title>Comit\u00e9 Estrat\u00e9gico de Sonrisas - Biking Buenos Aires<\/title>\n<meta name=\"description\" content=\"Comit\u00e9 Estrat\u00e9gico de Sonrisas. Nuestro grupo est\u00e1 lleno de innovadores cuyo enfoque diario es la parte operativa de tu aventura.\" \/>\n<meta name=\"robots\" content=\"index, follow, max-snippet:-1, max-image-preview:large, max-video-preview:-1\" \/>\n<link rel=\"canonical\" href=\"https:\/\/bikingbuenosaires.com\/es\/comite-estrategico-sonrisas\/\" \/>\n<meta property=\"og:locale\" content=\"es_ES\" \/>\n<meta property=\"og:type\" content=\"article\" \/>\n<meta property=\"og:title\" content=\"Comit\u00e9 Estrat\u00e9gico de Sonrisas - Biking Buenos Aires\" \/>\n<meta property=\"og:description\" content=\"Comit\u00e9 Estrat\u00e9gico de Sonrisas. Nuestro grupo est\u00e1 lleno de innovadores cuyo enfoque diario es la parte operativa de tu aventura.\" \/>\n<meta property=\"og:url\" content=\"https:\/\/bikingbuenosaires.com\/es\/comite-estrategico-sonrisas\/\" \/>\n<meta property=\"og:site_name\" content=\"Biking Buenos Aires\" \/>\n<meta property=\"article:modified_time\" content=\"2026-02-15T17:56:23+00:00\" \/>\n<meta property=\"og:image\" content=\"https:\/\/bikingbuenosaires.com\/wp-content\/uploads\/2019\/10\/strategic-smiles.jpg\" \/>\n\t<meta property=\"og:image:width\" content=\"1600\" \/>\n\t<meta property=\"og:image:height\" content=\"1067\" \/>\n\t<meta property=\"og:image:type\" content=\"image\/jpeg\" \/>\n<meta name=\"twitter:card\" content=\"summary_large_image\" \/>\n<meta name=\"twitter:label1\" content=\"Tiempo de lectura\" \/>\n\t<meta name=\"twitter:data1\" content=\"4 minutos\" \/>\n<script type=\"application\/ld+json\" class=\"yoast-schema-graph\">{\"@context\":\"https:\/\/schema.org\",\"@graph\":[{\"@type\":\"WebPage\",\"@id\":\"https:\/\/bikingbuenosaires.com\/es\/comite-estrategico-sonrisas\/\",\"url\":\"https:\/\/bikingbuenosaires.com\/es\/comite-estrategico-sonrisas\/\",\"name\":\"Comit\u00e9 Estrat\u00e9gico de Sonrisas - Biking Buenos Aires\",\"isPartOf\":{\"@id\":\"https:\/\/bikingbuenosaires.com\/es\/#website\"},\"primaryImageOfPage\":{\"@id\":\"https:\/\/bikingbuenosaires.com\/es\/comite-estrategico-sonrisas\/#primaryimage\"},\"image\":{\"@id\":\"https:\/\/bikingbuenosaires.com\/es\/comite-estrategico-sonrisas\/#primaryimage\"},\"thumbnailUrl\":\"https:\/\/bikingbuenosaires.com\/wp-content\/uploads\/2019\/10\/strategic-smiles.jpg\",\"datePublished\":\"2020-01-06T15:11:06+00:00\",\"dateModified\":\"2026-02-15T17:56:23+00:00\",\"description\":\"Comit\u00e9 Estrat\u00e9gico de Sonrisas. Nuestro grupo est\u00e1 lleno de innovadores cuyo enfoque diario es la parte operativa de tu aventura.\",\"breadcrumb\":{\"@id\":\"https:\/\/bikingbuenosaires.com\/es\/comite-estrategico-sonrisas\/#breadcrumb\"},\"inLanguage\":\"es\",\"potentialAction\":[{\"@type\":\"ReadAction\",\"target\":[\"https:\/\/bikingbuenosaires.com\/es\/comite-estrategico-sonrisas\/\"]}]},{\"@type\":\"ImageObject\",\"inLanguage\":\"es\",\"@id\":\"https:\/\/bikingbuenosaires.com\/es\/comite-estrategico-sonrisas\/#primaryimage\",\"url\":\"https:\/\/bikingbuenosaires.com\/wp-content\/uploads\/2019\/10\/strategic-smiles.jpg\",\"contentUrl\":\"https:\/\/bikingbuenosaires.com\/wp-content\/uploads\/2019\/10\/strategic-smiles.jpg\",\"width\":1600,\"height\":1067,\"caption\":\"STRATEGIC SMILES\"},{\"@type\":\"BreadcrumbList\",\"@id\":\"https:\/\/bikingbuenosaires.com\/es\/comite-estrategico-sonrisas\/#breadcrumb\",\"itemListElement\":[{\"@type\":\"ListItem\",\"position\":1,\"name\":\"Home\",\"item\":\"https:\/\/bikingbuenosaires.com\/es\/\"},{\"@type\":\"ListItem\",\"position\":2,\"name\":\"Comit\u00e9 Estrat\u00e9gico de Sonrisas\"}]},{\"@type\":\"WebSite\",\"@id\":\"https:\/\/bikingbuenosaires.com\/es\/#website\",\"url\":\"https:\/\/bikingbuenosaires.com\/es\/\",\"name\":\"Biking Buenos Aires\",\"description\":\"Seamless adventures on two wheels. We design shortcuts to Porte\u00f1o cultures for demanding travelers in a rush. Book online!\",\"publisher\":{\"@id\":\"https:\/\/bikingbuenosaires.com\/es\/#organization\"},\"potentialAction\":[{\"@type\":\"SearchAction\",\"target\":{\"@type\":\"EntryPoint\",\"urlTemplate\":\"https:\/\/bikingbuenosaires.com\/es\/?s={search_term_string}\"},\"query-input\":{\"@type\":\"PropertyValueSpecification\",\"valueRequired\":true,\"valueName\":\"search_term_string\"}}],\"inLanguage\":\"es\"},{\"@type\":\"Organization\",\"@id\":\"https:\/\/bikingbuenosaires.com\/es\/#organization\",\"name\":\"Biking Buenos Aires\",\"url\":\"https:\/\/bikingbuenosaires.com\/es\/\",\"logo\":{\"@type\":\"ImageObject\",\"inLanguage\":\"es\",\"@id\":\"https:\/\/bikingbuenosaires.com\/es\/#\/schema\/logo\/image\/\",\"url\":\"https:\/\/bikingbuenosaires.com\/wp-content\/uploads\/2019\/09\/logo-sticky.png\",\"contentUrl\":\"https:\/\/bikingbuenosaires.com\/wp-content\/uploads\/2019\/09\/logo-sticky.png\",\"width\":72,\"height\":21,\"caption\":\"Biking Buenos Aires\"},\"image\":{\"@id\":\"https:\/\/bikingbuenosaires.com\/es\/#\/schema\/logo\/image\/\"}}]}<\/script>\n<!-- \/ Yoast SEO plugin. -->","yoast_head_json":{"title":"Comit\u00e9 Estrat\u00e9gico de Sonrisas - Biking Buenos Aires","description":"Comit\u00e9 Estrat\u00e9gico de Sonrisas. Nuestro grupo est\u00e1 lleno de innovadores cuyo enfoque diario es la parte operativa de tu aventura.","robots":{"index":"index","follow":"follow","max-snippet":"max-snippet:-1","max-image-preview":"max-image-preview:large","max-video-preview":"max-video-preview:-1"},"canonical":"https:\/\/bikingbuenosaires.com\/es\/comite-estrategico-sonrisas\/","og_locale":"es_ES","og_type":"article","og_title":"Comit\u00e9 Estrat\u00e9gico de Sonrisas - Biking Buenos Aires","og_description":"Comit\u00e9 Estrat\u00e9gico de Sonrisas. Nuestro grupo est\u00e1 lleno de innovadores cuyo enfoque diario es la parte operativa de tu aventura.","og_url":"https:\/\/bikingbuenosaires.com\/es\/comite-estrategico-sonrisas\/","og_site_name":"Biking Buenos Aires","article_modified_time":"2026-02-15T17:56:23+00:00","og_image":[{"width":1600,"height":1067,"url":"https:\/\/bikingbuenosaires.com\/wp-content\/uploads\/2019\/10\/strategic-smiles.jpg","type":"image\/jpeg"}],"twitter_card":"summary_large_image","twitter_misc":{"Tiempo de lectura":"4 minutos"},"schema":{"@context":"https:\/\/schema.org","@graph":[{"@type":"WebPage","@id":"https:\/\/bikingbuenosaires.com\/es\/comite-estrategico-sonrisas\/","url":"https:\/\/bikingbuenosaires.com\/es\/comite-estrategico-sonrisas\/","name":"Comit\u00e9 Estrat\u00e9gico de Sonrisas - Biking Buenos Aires","isPartOf":{"@id":"https:\/\/bikingbuenosaires.com\/es\/#website"},"primaryImageOfPage":{"@id":"https:\/\/bikingbuenosaires.com\/es\/comite-estrategico-sonrisas\/#primaryimage"},"image":{"@id":"https:\/\/bikingbuenosaires.com\/es\/comite-estrategico-sonrisas\/#primaryimage"},"thumbnailUrl":"https:\/\/bikingbuenosaires.com\/wp-content\/uploads\/2019\/10\/strategic-smiles.jpg","datePublished":"2020-01-06T15:11:06+00:00","dateModified":"2026-02-15T17:56:23+00:00","description":"Comit\u00e9 Estrat\u00e9gico de Sonrisas. Nuestro grupo est\u00e1 lleno de innovadores cuyo enfoque diario es la parte operativa de tu aventura.","breadcrumb":{"@id":"https:\/\/bikingbuenosaires.com\/es\/comite-estrategico-sonrisas\/#breadcrumb"},"inLanguage":"es","potentialAction":[{"@type":"ReadAction","target":["https:\/\/bikingbuenosaires.com\/es\/comite-estrategico-sonrisas\/"]}]},{"@type":"ImageObject","inLanguage":"es","@id":"https:\/\/bikingbuenosaires.com\/es\/comite-estrategico-sonrisas\/#primaryimage","url":"https:\/\/bikingbuenosaires.com\/wp-content\/uploads\/2019\/10\/strategic-smiles.jpg","contentUrl":"https:\/\/bikingbuenosaires.com\/wp-content\/uploads\/2019\/10\/strategic-smiles.jpg","width":1600,"height":1067,"caption":"STRATEGIC SMILES"},{"@type":"BreadcrumbList","@id":"https:\/\/bikingbuenosaires.com\/es\/comite-estrategico-sonrisas\/#breadcrumb","itemListElement":[{"@type":"ListItem","position":1,"name":"Home","item":"https:\/\/bikingbuenosaires.com\/es\/"},{"@type":"ListItem","position":2,"name":"Comit\u00e9 Estrat\u00e9gico de Sonrisas"}]},{"@type":"WebSite","@id":"https:\/\/bikingbuenosaires.com\/es\/#website","url":"https:\/\/bikingbuenosaires.com\/es\/","name":"Biking Buenos Aires","description":"Seamless adventures on two wheels. We design shortcuts to Porte\u00f1o cultures for demanding travelers in a rush. Book online!","publisher":{"@id":"https:\/\/bikingbuenosaires.com\/es\/#organization"},"potentialAction":[{"@type":"SearchAction","target":{"@type":"EntryPoint","urlTemplate":"https:\/\/bikingbuenosaires.com\/es\/?s={search_term_string}"},"query-input":{"@type":"PropertyValueSpecification","valueRequired":true,"valueName":"search_term_string"}}],"inLanguage":"es"},{"@type":"Organization","@id":"https:\/\/bikingbuenosaires.com\/es\/#organization","name":"Biking Buenos Aires","url":"https:\/\/bikingbuenosaires.com\/es\/","logo":{"@type":"ImageObject","inLanguage":"es","@id":"https:\/\/bikingbuenosaires.com\/es\/#\/schema\/logo\/image\/","url":"https:\/\/bikingbuenosaires.com\/wp-content\/uploads\/2019\/09\/logo-sticky.png","contentUrl":"https:\/\/bikingbuenosaires.com\/wp-content\/uploads\/2019\/09\/logo-sticky.png","width":72,"height":21,"caption":"Biking Buenos Aires"},"image":{"@id":"https:\/\/bikingbuenosaires.com\/es\/#\/schema\/logo\/image\/"}}]}},"_links":{"self":[{"href":"https:\/\/bikingbuenosaires.com\/es\/wp-json\/wp\/v2\/pages\/1403","targetHints":{"allow":["GET"]}}],"collection":[{"href":"https:\/\/bikingbuenosaires.com\/es\/wp-json\/wp\/v2\/pages"}],"about":[{"href":"https:\/\/bikingbuenosaires.com\/es\/wp-json\/wp\/v2\/types\/page"}],"author":[{"embeddable":true,"href":"https:\/\/bikingbuenosaires.com\/es\/wp-json\/wp\/v2\/users\/1"}],"replies":[{"embeddable":true,"href":"https:\/\/bikingbuenosaires.com\/es\/wp-json\/wp\/v2\/comments?post=1403"}],"version-history":[{"count":13,"href":"https:\/\/bikingbuenosaires.com\/es\/wp-json\/wp\/v2\/pages\/1403\/revisions"}],"predecessor-version":[{"id":4114,"href":"https:\/\/bikingbuenosaires.com\/es\/wp-json\/wp\/v2\/pages\/1403\/revisions\/4114"}],"wp:featuredmedia":[{"embeddable":true,"href":"https:\/\/bikingbuenosaires.com\/es\/wp-json\/wp\/v2\/media\/708"}],"wp:attachment":[{"href":"https:\/\/bikingbuenosaires.com\/es\/wp-json\/wp\/v2\/media?parent=1403"}],"curies":[{"name":"wp","href":"https:\/\/api.w.org\/{rel}","templated":true}]}}