{"id":1122,"date":"2019-12-12T10:05:56","date_gmt":"2019-12-12T13:05:56","guid":{"rendered":"https:\/\/bikingbuenosaires.com\/alquileres\/"},"modified":"2026-02-08T18:15:31","modified_gmt":"2026-02-08T21:15:31","slug":"alquileres","status":"publish","type":"page","link":"https:\/\/bikingbuenosaires.com\/es\/alquileres\/","title":{"rendered":"Alquileres"},"content":{"rendered":"<section class=\"page_content\">\n<div class=\"container\">\n<h1 class=\"section_title\">Alquiler de <span>Bicicletas<\/span><\/h1>\n<div class=\"row justify-content-center\">\n<div class=\"col-lg-10\">\n<p class=\"lead text-center mb-5\">Aunque sabemos que salir con nosotros es la mejor manera de aprovechar la <a href=\"https:\/\/www.google.com\/maps\/place\/Buenos+Aires,+CABA\/\" target=\"_blank\" rel=\"noopener\">ciudad<\/a>, sabemos que algunos aventureros prefieren hacer su propio camino. Nuestros alquileres de bicicletas vienen con tips personalizados y orientaci\u00f3n para que disfrutes al m\u00e1ximo tu tiempo a solas. Por favor, llen\u00e1 este formulario y procesaremos tu reserva:<\/p>\n<hr class=\"my-5\">\n<p>                <!-- Pricing --><\/p>\n<div class=\"row\">\n<div class=\"col-md-6 mb-4\">\n<h3 class=\"blue_title\">Precios<\/h3>\n<ul class=\"list-unstyled\">\n<li class=\"mb-2\"><strong>24 horas:<\/strong> USD 30<\/li>\n<li class=\"mb-2\"><strong>Medio d\u00eda (4 horas):<\/strong> USD 20<\/li>\n<li class=\"mb-2\"><strong>Delivery:<\/strong> USD 35 por bicicleta, m\u00ednimo 2 (los domingos 3)<\/li>\n<\/ul><\/div>\n<div class=\"col-md-6 mb-4\">\n<h3 class=\"blue_title\">Horarios<\/h3>\n<p>De 9AM a 6PM, todos los d\u00edas.<\/p>\n<\/p><\/div>\n<\/p><\/div>\n<hr class=\"my-4\">\n<p>                <!-- Requisitos --><\/p>\n<h3 class=\"blue_title\">Requisitos<\/h3>\n<p>Como garant\u00eda te vamos a pedir que nos dejes tus datos de pago y una foto de tu pasaporte o documento de identidad v\u00e1lido.<\/p>\n<p>En caso de que la bicicleta no sea devuelta, <a href=\"https:\/\/bikingbuenosaires.com\/es\/\" target=\"_blank\" rel=\"noopener\">Biking Buenos Aires<\/a> cobrar\u00e1 lo correspondiente al valor de la bicicleta.<\/p>\n<hr class=\"my-4\">\n<p>                <!-- Incluye --><\/p>\n<h3 class=\"blue_title\">Incluye<\/h3>\n<p>Casco, candado, direcciones y sugerencias de rutas para descubrir la ciudad por tu cuenta.<\/p>\n<hr class=\"my-5\">\n<p>                <!-- Contact Form --><\/p>\n<h3 class=\"blue_title text-center\">Solicit\u00e1 tu reserva<\/h3>\n\n<div class=\"wpcf7 no-js\" id=\"wpcf7-f856-o1\" lang=\"en-US\" dir=\"ltr\" data-wpcf7-id=\"856\">\n<div class=\"screen-reader-response\"><p role=\"status\" aria-live=\"polite\" aria-atomic=\"true\"><\/p> <ul><\/ul><\/div>\n<form action=\"\/es\/wp-json\/wp\/v2\/pages\/1122#wpcf7-f856-o1\" method=\"post\" class=\"wpcf7-form init\" aria-label=\"Contact form\" novalidate=\"novalidate\" data-status=\"init\">\n<fieldset class=\"hidden-fields-container\"><input type=\"hidden\" name=\"_wpcf7\" value=\"856\" \/><input type=\"hidden\" name=\"_wpcf7_version\" value=\"6.1.5\" \/><input type=\"hidden\" name=\"_wpcf7_locale\" value=\"en_US\" \/><input type=\"hidden\" name=\"_wpcf7_unit_tag\" value=\"wpcf7-f856-o1\" \/><input type=\"hidden\" name=\"_wpcf7_container_post\" value=\"0\" \/><input type=\"hidden\" name=\"_wpcf7_posted_data_hash\" value=\"\" \/><input type=\"hidden\" name=\"_wpcf7_recaptcha_response\" value=\"\" \/>\n<\/fieldset>\n<div class=\"contact_us_form\">\n\t<div class=\"row\">\n\t\t<div class=\"col-12\">\n\t\t\t<p>Name <span>*<\/span>\n\t\t\t<\/p>\n\t\t<\/div>\n\t<\/div>\n\t<div class=\"row\">\n\t\t<div class=\"col-12 col-sm-6\">\n\t\t\t<p><span class=\"wpcf7-form-control-wrap\" data-name=\"first\"><input size=\"40\" maxlength=\"400\" class=\"wpcf7-form-control wpcf7-text wpcf7-validates-as-required\" aria-required=\"true\" aria-invalid=\"false\" placeholder=\"First\" value=\"\" type=\"text\" name=\"first\" \/><\/span>\n\t\t\t<\/p>\n\t\t<\/div>\n\t\t<div class=\"col-12 col-sm-6\">\n\t\t\t<p><span class=\"wpcf7-form-control-wrap\" data-name=\"last\"><input size=\"40\" maxlength=\"400\" class=\"wpcf7-form-control wpcf7-text wpcf7-validates-as-required\" aria-required=\"true\" aria-invalid=\"false\" placeholder=\"Last\" value=\"\" type=\"text\" name=\"last\" \/><\/span>\n\t\t\t<\/p>\n\t\t<\/div>\n\t<\/div>\n\t<div class=\"row\">\n\t\t<div class=\"col-12\">\n\t\t\t<p>Email <span>*<\/span>\n\t\t\t<\/p>\n\t\t\t<p><span class=\"wpcf7-form-control-wrap\" data-name=\"email\"><input size=\"40\" maxlength=\"400\" class=\"wpcf7-form-control wpcf7-email wpcf7-validates-as-required wpcf7-text wpcf7-validates-as-email\" aria-required=\"true\" aria-invalid=\"false\" value=\"\" type=\"email\" name=\"email\" \/><\/span>\n\t\t\t<\/p>\n\t\t<\/div>\n\t<\/div>\n\t<div class=\"row\">\n\t\t<div class=\"col-12\">\n\t\t\t<p>What day would you like to rent a bike (or bikes)? <span>*<\/span>\n\t\t\t<\/p>\n\t\t\t<p><span class=\"wpcf7-form-control-wrap\" data-name=\"date\"><input class=\"wpcf7-form-control wpcf7-date wpcf7-validates-as-required wpcf7-validates-as-date\" aria-required=\"true\" aria-invalid=\"false\" value=\"\" type=\"date\" name=\"date\" \/><\/span>\n\t\t\t<\/p>\n\t\t<\/div>\n\t<\/div>\n\t<div class=\"row\">\n\t\t<div class=\"col-12\">\n\t\t\t<p>How many bikes would you like to rent? <span>*<\/span>\n\t\t\t<\/p>\n\t\t\t<p><span class=\"wpcf7-form-control-wrap\" data-name=\"quantity\"><input class=\"wpcf7-form-control wpcf7-number wpcf7-validates-as-required wpcf7-validates-as-number\" min=\"1\" max=\"10\" aria-required=\"true\" aria-invalid=\"false\" placeholder=\"Please select a number\" value=\"\" type=\"number\" name=\"quantity\" \/><\/span>\n\t\t\t<\/p>\n\t\t<\/div>\n\t<\/div>\n\t<div class=\"row\">\n\t\t<div class=\"col-12\">\n\t\t\t<p>Approximately what time do you plan to pick up your bike rental?\n\t\t\t<\/p>\n\t\t\t<p><span class=\"wpcf7-form-control-wrap\" data-name=\"time\"><input size=\"40\" maxlength=\"400\" class=\"wpcf7-form-control wpcf7-text\" aria-invalid=\"false\" value=\"\" type=\"text\" name=\"time\" \/><\/span>\n\t\t\t<\/p>\n\t\t<\/div>\n\t<\/div>\n\t<div class=\"row\">\n\t\t<div class=\"col-12\">\n\t\t\t<p>Accommodation\n\t\t\t<\/p>\n\t\t\t<p><span class=\"wpcf7-form-control-wrap\" data-name=\"accomodation\"><input size=\"40\" maxlength=\"400\" class=\"wpcf7-form-control wpcf7-text\" aria-invalid=\"false\" value=\"\" type=\"text\" name=\"accomodation\" \/><\/span>\n\t\t\t<\/p>\n\t\t<\/div>\n\t<\/div>\n\t<div class=\"row\">\n\t\t<div class=\"col-12\">\n\t\t\t<p>Leave us a note if you have any special requests.\n\t\t\t<\/p>\n\t\t\t<p><span class=\"wpcf7-form-control-wrap\" data-name=\"comments\"><textarea cols=\"40\" rows=\"10\" maxlength=\"2000\" class=\"wpcf7-form-control wpcf7-textarea\" aria-invalid=\"false\" name=\"comments\"><\/textarea><\/span>\n\t\t\t<\/p>\n\t\t<\/div>\n\t<\/div>\n\t<div class=\"row\">\n\t\t<div class=\"col-12\">\n\t\t\t<div class=\"submit\">\n\t\t\t\t<p><input class=\"wpcf7-form-control wpcf7-submit has-spinner\" type=\"submit\" value=\"Send\" \/>\n\t\t\t\t<\/p>\n\t\t\t<\/div>\n\t\t<\/div>\n\t<\/div>\n<\/div><div class=\"wpcf7-response-output\" aria-hidden=\"true\"><\/div>\n<\/form>\n<\/div>\n<\/div>\n<\/p><\/div>\n<\/p><\/div>\n<\/section>\n","protected":false},"excerpt":{"rendered":"<p>Alquiler de Bicicletas Aunque sabemos que salir con nosotros es la mejor manera de aprovechar la ciudad, sabemos que algunos aventureros prefieren hacer su propio camino. Nuestros alquileres de bicicletas vienen con tips personalizados y orientaci\u00f3n para que disfrutes al m\u00e1ximo tu tiempo a solas. Por favor, llen\u00e1 este formulario y procesaremos tu reserva: Precios [&#8230;]<\/p>\n<p><a class=\"btn btn-secondary understrap-read-more-link\" href=\"https:\/\/bikingbuenosaires.com\/es\/alquileres\/\">Leer m\u00e1s&#8230;<\/a><\/p>\n","protected":false},"author":1,"featured_media":845,"parent":0,"menu_order":28,"comment_status":"closed","ping_status":"closed","template":"","meta":{"_acf_changed":false,"footnotes":""},"class_list":["post-1122","page","type-page","status-publish","has-post-thumbnail","hentry"],"acf":[],"yoast_head":"<!-- This site is optimized with the Yoast SEO plugin v27.2 - https:\/\/yoast.com\/product\/yoast-seo-wordpress\/ -->\n<title>Alquileres bicicletas Buenos Aires - Alquileres - Biking Buenos Aires<\/title>\n<meta name=\"description\" content=\"Alquileres de bicicletas en Buenos Aires. Nuestros alquileres vienen con consejos y orientaci\u00f3n personalizados. Encuentra tus propios atajos!\" \/>\n<meta name=\"robots\" content=\"index, follow, max-snippet:-1, max-image-preview:large, max-video-preview:-1\" \/>\n<link rel=\"canonical\" href=\"https:\/\/bikingbuenosaires.com\/es\/alquileres\/\" \/>\n<meta property=\"og:locale\" content=\"es_ES\" \/>\n<meta property=\"og:type\" content=\"article\" \/>\n<meta property=\"og:title\" content=\"Alquileres bicicletas Buenos Aires - Alquileres - Biking Buenos Aires\" \/>\n<meta property=\"og:description\" content=\"Alquileres de bicicletas en Buenos Aires. Nuestros alquileres vienen con consejos y orientaci\u00f3n personalizados. Encuentra tus propios atajos!\" \/>\n<meta property=\"og:url\" content=\"https:\/\/bikingbuenosaires.com\/es\/alquileres\/\" \/>\n<meta property=\"og:site_name\" content=\"Biking Buenos Aires\" \/>\n<meta property=\"article:modified_time\" content=\"2026-02-08T21:15:31+00:00\" \/>\n<meta property=\"og:image\" content=\"https:\/\/bikingbuenosaires.com\/wp-content\/uploads\/2019\/10\/rentals3.jpg\" \/>\n\t<meta property=\"og:image:width\" content=\"1200\" \/>\n\t<meta property=\"og:image:height\" content=\"800\" \/>\n\t<meta property=\"og:image:type\" content=\"image\/jpeg\" \/>\n<meta name=\"twitter:card\" content=\"summary_large_image\" \/>\n<meta name=\"twitter:label1\" content=\"Tiempo de lectura\" \/>\n\t<meta name=\"twitter:data1\" content=\"1 minuto\" \/>\n<script type=\"application\/ld+json\" class=\"yoast-schema-graph\">{\"@context\":\"https:\/\/schema.org\",\"@graph\":[{\"@type\":\"WebPage\",\"@id\":\"https:\/\/bikingbuenosaires.com\/es\/alquileres\/\",\"url\":\"https:\/\/bikingbuenosaires.com\/es\/alquileres\/\",\"name\":\"Alquileres bicicletas Buenos Aires - Alquileres - Biking Buenos Aires\",\"isPartOf\":{\"@id\":\"https:\/\/bikingbuenosaires.com\/es\/#website\"},\"primaryImageOfPage\":{\"@id\":\"https:\/\/bikingbuenosaires.com\/es\/alquileres\/#primaryimage\"},\"image\":{\"@id\":\"https:\/\/bikingbuenosaires.com\/es\/alquileres\/#primaryimage\"},\"thumbnailUrl\":\"https:\/\/bikingbuenosaires.com\/wp-content\/uploads\/2019\/10\/rentals3.jpg\",\"datePublished\":\"2019-12-12T13:05:56+00:00\",\"dateModified\":\"2026-02-08T21:15:31+00:00\",\"description\":\"Alquileres de bicicletas en Buenos Aires. Nuestros alquileres vienen con consejos y orientaci\u00f3n personalizados. Encuentra tus propios atajos!\",\"breadcrumb\":{\"@id\":\"https:\/\/bikingbuenosaires.com\/es\/alquileres\/#breadcrumb\"},\"inLanguage\":\"es\",\"potentialAction\":[{\"@type\":\"ReadAction\",\"target\":[\"https:\/\/bikingbuenosaires.com\/es\/alquileres\/\"]}]},{\"@type\":\"ImageObject\",\"inLanguage\":\"es\",\"@id\":\"https:\/\/bikingbuenosaires.com\/es\/alquileres\/#primaryimage\",\"url\":\"https:\/\/bikingbuenosaires.com\/wp-content\/uploads\/2019\/10\/rentals3.jpg\",\"contentUrl\":\"https:\/\/bikingbuenosaires.com\/wp-content\/uploads\/2019\/10\/rentals3.jpg\",\"width\":1200,\"height\":800,\"caption\":\"Bike rentals Buenos Aires\"},{\"@type\":\"BreadcrumbList\",\"@id\":\"https:\/\/bikingbuenosaires.com\/es\/alquileres\/#breadcrumb\",\"itemListElement\":[{\"@type\":\"ListItem\",\"position\":1,\"name\":\"Home\",\"item\":\"https:\/\/bikingbuenosaires.com\/es\/\"},{\"@type\":\"ListItem\",\"position\":2,\"name\":\"Alquileres\"}]},{\"@type\":\"WebSite\",\"@id\":\"https:\/\/bikingbuenosaires.com\/es\/#website\",\"url\":\"https:\/\/bikingbuenosaires.com\/es\/\",\"name\":\"Biking Buenos Aires\",\"description\":\"Seamless adventures on two wheels. We design shortcuts to Porte\u00f1o cultures for demanding travelers in a rush. Book online!\",\"publisher\":{\"@id\":\"https:\/\/bikingbuenosaires.com\/es\/#organization\"},\"potentialAction\":[{\"@type\":\"SearchAction\",\"target\":{\"@type\":\"EntryPoint\",\"urlTemplate\":\"https:\/\/bikingbuenosaires.com\/es\/?s={search_term_string}\"},\"query-input\":{\"@type\":\"PropertyValueSpecification\",\"valueRequired\":true,\"valueName\":\"search_term_string\"}}],\"inLanguage\":\"es\"},{\"@type\":\"Organization\",\"@id\":\"https:\/\/bikingbuenosaires.com\/es\/#organization\",\"name\":\"Biking Buenos Aires\",\"url\":\"https:\/\/bikingbuenosaires.com\/es\/\",\"logo\":{\"@type\":\"ImageObject\",\"inLanguage\":\"es\",\"@id\":\"https:\/\/bikingbuenosaires.com\/es\/#\/schema\/logo\/image\/\",\"url\":\"https:\/\/bikingbuenosaires.com\/wp-content\/uploads\/2019\/09\/logo-sticky.png\",\"contentUrl\":\"https:\/\/bikingbuenosaires.com\/wp-content\/uploads\/2019\/09\/logo-sticky.png\",\"width\":72,\"height\":21,\"caption\":\"Biking Buenos Aires\"},\"image\":{\"@id\":\"https:\/\/bikingbuenosaires.com\/es\/#\/schema\/logo\/image\/\"}}]}<\/script>\n<!-- \/ Yoast SEO plugin. -->","yoast_head_json":{"title":"Alquileres bicicletas Buenos Aires - Alquileres - Biking Buenos Aires","description":"Alquileres de bicicletas en Buenos Aires. Nuestros alquileres vienen con consejos y orientaci\u00f3n personalizados. Encuentra tus propios atajos!","robots":{"index":"index","follow":"follow","max-snippet":"max-snippet:-1","max-image-preview":"max-image-preview:large","max-video-preview":"max-video-preview:-1"},"canonical":"https:\/\/bikingbuenosaires.com\/es\/alquileres\/","og_locale":"es_ES","og_type":"article","og_title":"Alquileres bicicletas Buenos Aires - Alquileres - Biking Buenos Aires","og_description":"Alquileres de bicicletas en Buenos Aires. Nuestros alquileres vienen con consejos y orientaci\u00f3n personalizados. Encuentra tus propios atajos!","og_url":"https:\/\/bikingbuenosaires.com\/es\/alquileres\/","og_site_name":"Biking Buenos Aires","article_modified_time":"2026-02-08T21:15:31+00:00","og_image":[{"width":1200,"height":800,"url":"https:\/\/bikingbuenosaires.com\/wp-content\/uploads\/2019\/10\/rentals3.jpg","type":"image\/jpeg"}],"twitter_card":"summary_large_image","twitter_misc":{"Tiempo de lectura":"1 minuto"},"schema":{"@context":"https:\/\/schema.org","@graph":[{"@type":"WebPage","@id":"https:\/\/bikingbuenosaires.com\/es\/alquileres\/","url":"https:\/\/bikingbuenosaires.com\/es\/alquileres\/","name":"Alquileres bicicletas Buenos Aires - Alquileres - Biking Buenos Aires","isPartOf":{"@id":"https:\/\/bikingbuenosaires.com\/es\/#website"},"primaryImageOfPage":{"@id":"https:\/\/bikingbuenosaires.com\/es\/alquileres\/#primaryimage"},"image":{"@id":"https:\/\/bikingbuenosaires.com\/es\/alquileres\/#primaryimage"},"thumbnailUrl":"https:\/\/bikingbuenosaires.com\/wp-content\/uploads\/2019\/10\/rentals3.jpg","datePublished":"2019-12-12T13:05:56+00:00","dateModified":"2026-02-08T21:15:31+00:00","description":"Alquileres de bicicletas en Buenos Aires. Nuestros alquileres vienen con consejos y orientaci\u00f3n personalizados. Encuentra tus propios atajos!","breadcrumb":{"@id":"https:\/\/bikingbuenosaires.com\/es\/alquileres\/#breadcrumb"},"inLanguage":"es","potentialAction":[{"@type":"ReadAction","target":["https:\/\/bikingbuenosaires.com\/es\/alquileres\/"]}]},{"@type":"ImageObject","inLanguage":"es","@id":"https:\/\/bikingbuenosaires.com\/es\/alquileres\/#primaryimage","url":"https:\/\/bikingbuenosaires.com\/wp-content\/uploads\/2019\/10\/rentals3.jpg","contentUrl":"https:\/\/bikingbuenosaires.com\/wp-content\/uploads\/2019\/10\/rentals3.jpg","width":1200,"height":800,"caption":"Bike rentals Buenos Aires"},{"@type":"BreadcrumbList","@id":"https:\/\/bikingbuenosaires.com\/es\/alquileres\/#breadcrumb","itemListElement":[{"@type":"ListItem","position":1,"name":"Home","item":"https:\/\/bikingbuenosaires.com\/es\/"},{"@type":"ListItem","position":2,"name":"Alquileres"}]},{"@type":"WebSite","@id":"https:\/\/bikingbuenosaires.com\/es\/#website","url":"https:\/\/bikingbuenosaires.com\/es\/","name":"Biking Buenos Aires","description":"Seamless adventures on two wheels. We design shortcuts to Porte\u00f1o cultures for demanding travelers in a rush. Book online!","publisher":{"@id":"https:\/\/bikingbuenosaires.com\/es\/#organization"},"potentialAction":[{"@type":"SearchAction","target":{"@type":"EntryPoint","urlTemplate":"https:\/\/bikingbuenosaires.com\/es\/?s={search_term_string}"},"query-input":{"@type":"PropertyValueSpecification","valueRequired":true,"valueName":"search_term_string"}}],"inLanguage":"es"},{"@type":"Organization","@id":"https:\/\/bikingbuenosaires.com\/es\/#organization","name":"Biking Buenos Aires","url":"https:\/\/bikingbuenosaires.com\/es\/","logo":{"@type":"ImageObject","inLanguage":"es","@id":"https:\/\/bikingbuenosaires.com\/es\/#\/schema\/logo\/image\/","url":"https:\/\/bikingbuenosaires.com\/wp-content\/uploads\/2019\/09\/logo-sticky.png","contentUrl":"https:\/\/bikingbuenosaires.com\/wp-content\/uploads\/2019\/09\/logo-sticky.png","width":72,"height":21,"caption":"Biking Buenos Aires"},"image":{"@id":"https:\/\/bikingbuenosaires.com\/es\/#\/schema\/logo\/image\/"}}]}},"_links":{"self":[{"href":"https:\/\/bikingbuenosaires.com\/es\/wp-json\/wp\/v2\/pages\/1122","targetHints":{"allow":["GET"]}}],"collection":[{"href":"https:\/\/bikingbuenosaires.com\/es\/wp-json\/wp\/v2\/pages"}],"about":[{"href":"https:\/\/bikingbuenosaires.com\/es\/wp-json\/wp\/v2\/types\/page"}],"author":[{"embeddable":true,"href":"https:\/\/bikingbuenosaires.com\/es\/wp-json\/wp\/v2\/users\/1"}],"replies":[{"embeddable":true,"href":"https:\/\/bikingbuenosaires.com\/es\/wp-json\/wp\/v2\/comments?post=1122"}],"version-history":[{"count":17,"href":"https:\/\/bikingbuenosaires.com\/es\/wp-json\/wp\/v2\/pages\/1122\/revisions"}],"predecessor-version":[{"id":4089,"href":"https:\/\/bikingbuenosaires.com\/es\/wp-json\/wp\/v2\/pages\/1122\/revisions\/4089"}],"wp:featuredmedia":[{"embeddable":true,"href":"https:\/\/bikingbuenosaires.com\/es\/wp-json\/wp\/v2\/media\/845"}],"wp:attachment":[{"href":"https:\/\/bikingbuenosaires.com\/es\/wp-json\/wp\/v2\/media?parent=1122"}],"curies":[{"name":"wp","href":"https:\/\/api.w.org\/{rel}","templated":true}]}}