{"id":1114,"date":"2019-12-12T09:58:59","date_gmt":"2019-12-12T12:58:59","guid":{"rendered":"https:\/\/bikingbuenosaires.com\/agencias\/"},"modified":"2026-02-08T18:12:34","modified_gmt":"2026-02-08T21:12:34","slug":"agencias","status":"publish","type":"page","link":"https:\/\/bikingbuenosaires.com\/es\/agencias\/","title":{"rendered":"Grupos &#038; MICE"},"content":{"rendered":"<section class=\"page_content\">\n<div class=\"container\">\n<h1 class=\"section_title\">Alianzas <span>B2B<\/span><\/h1>\n<div class=\"row justify-content-center\">\n<div class=\"col-lg-10\">\n<p class=\"lead text-center mb-4\">Forj\u00e1 una alianza con un operador responsable, innovador y enfocado en el cliente, especializado en experiencias culturales inmersivas.<\/p>\n<div class=\"text-center mb-5\">\n                    <a class=\"btn-biking px-4 py-2\" href=\"https:\/\/drive.google.com\/drive\/folders\/1D_IzW_Dk82HHz0p0u6S8byS2KjHIE6dC\" target=\"_blank\" rel=\"noopener\">Clicke\u00e1 para m\u00e1s informaci\u00f3n<\/a>\n                <\/div>\n<hr class=\"my-5\">\n<h2 class=\"blue_title text-center\">Estimados colegas de agencias de viajes, DMCs y revendedores:<\/h2>\n<p>Nuestro acuerdo comercial con las Destination Management Companies (DMCs), tanto locales como internacionales, es una colaboraci\u00f3n beneficiosa para ambas partes. Las DMCs acceden a servicios de alta calidad y sostenibles, operados por un equipo comprometido, mientras que Biking Buenos Aires conecta con m\u00e1s viajeros que desean descubrir el aut\u00e9ntico Buenos Aires en solo un d\u00eda.<\/p>\n<hr class=\"my-5\">\n<p>                <!-- Aspectos destacados --><\/p>\n<h3 class=\"blue_title\">Aspectos destacados:<\/h3>\n<ul>\n<li>Cotizaciones exclusivas\/preferenciales para socios DMC<\/li>\n<li>21 a\u00f1os de experiencia en la industria del cicloturismo<\/li>\n<li>Canales de comunicaci\u00f3n dedicados para interacciones r\u00e1pidas y sencillas<\/li>\n<\/ul>\n<hr class=\"my-5\">\n<p>                <!-- Por qu\u00e9 elegirnos --><\/p>\n<h3 class=\"blue_title\">\u00bfPor qu\u00e9 elegirnos?<\/h3>\n<ul>\n<li><strong>Comunicaci\u00f3n eficiente:<\/strong> Acceso directo a nuestro equipo para una comunicaci\u00f3n clara y \u00e1gil<\/li>\n<li><strong>Respuestas r\u00e1pidas:<\/strong> Recib\u00ed respuestas al instante, minimizando cualquier demora<\/li>\n<li><strong>Opciones de pago flexibles:<\/strong> Diversas alternativas adaptadas a tus necesidades<\/li>\n<li><strong>Co-creaci\u00f3n de servicios personalizados:<\/strong> Dise\u00f1\u00e1 experiencias \u00fanicas para tus clientes<\/li>\n<li><strong>0 emisiones de CO2:<\/strong> Operamos de manera 100% sostenible<\/li>\n<\/ul>\n<hr class=\"my-5\">\n<p>                <!-- Para qui\u00e9n es --><\/p>\n<h3 class=\"blue_title\">\u00bfPara qui\u00e9n es esta alianza?<\/h3>\n<ul>\n<li>DMCs que atienden al mercado de alto nivel, de habla inglesa<\/li>\n<li>DMCs que priorizan la sostenibilidad y se preocupan por el impacto socioambiental de sus operadores<\/li>\n<\/ul>\n<hr class=\"my-5\">\n<p>                <!-- Contacto --><\/p>\n<h3 class=\"blue_title\">Contactanos:<\/h3>\n<ul class=\"list-unstyled\">\n<li class=\"mb-2\">\ud83d\udce7 Email: <strong><a href=\"mailto:b2b@bikingbuenosaires.com\">b2b@bikingbuenosaires.com<\/a><\/strong><\/li>\n<li class=\"mb-2\">\ud83d\udcf2 WhatsApp: <a href=\"https:\/\/api.whatsapp.com\/send?phone=5491150568756&#038;text=I%27m+interested+in+your+tours\" target=\"_blank\" rel=\"noopener\"><strong>+54 9 11 5056-8756<\/strong><\/a><\/li>\n<\/ul>\n<hr class=\"my-5\">\n<p>                <!-- Contact Form --><\/p>\n<h3 class=\"blue_title text-center\">Formulario de contacto<\/h3>\n\n<div class=\"wpcf7 no-js\" id=\"wpcf7-f2257-o1\" lang=\"en-US\" dir=\"ltr\" data-wpcf7-id=\"2257\">\n<div class=\"screen-reader-response\"><p role=\"status\" aria-live=\"polite\" aria-atomic=\"true\"><\/p> <ul><\/ul><\/div>\n<form action=\"\/es\/wp-json\/wp\/v2\/pages\/1114#wpcf7-f2257-o1\" method=\"post\" class=\"wpcf7-form init\" aria-label=\"Contact form\" novalidate=\"novalidate\" data-status=\"init\">\n<fieldset class=\"hidden-fields-container\"><input type=\"hidden\" name=\"_wpcf7\" value=\"2257\" \/><input type=\"hidden\" name=\"_wpcf7_version\" value=\"6.1.5\" \/><input type=\"hidden\" name=\"_wpcf7_locale\" value=\"en_US\" \/><input type=\"hidden\" name=\"_wpcf7_unit_tag\" value=\"wpcf7-f2257-o1\" \/><input type=\"hidden\" name=\"_wpcf7_container_post\" value=\"0\" \/><input type=\"hidden\" name=\"_wpcf7_posted_data_hash\" value=\"\" \/><input type=\"hidden\" name=\"_wpcf7_recaptcha_response\" value=\"\" \/>\n<\/fieldset>\n<div class=\"contact_us_form\">\n\t<div class=\"row\">\n\t\t<div class=\"col-12\">\n\t\t\t<p>Name <span>*<\/span>\n\t\t\t<\/p>\n\t\t<\/div>\n\t<\/div>\n\t<div class=\"row\">\n\t\t<div class=\"col-12 col-sm-6\">\n\t\t\t<p><span class=\"wpcf7-form-control-wrap\" data-name=\"first_name\"><input size=\"40\" maxlength=\"400\" class=\"wpcf7-form-control wpcf7-text wpcf7-validates-as-required\" aria-required=\"true\" aria-invalid=\"false\" placeholder=\"First\" value=\"\" type=\"text\" name=\"first_name\" \/><\/span>\n\t\t\t<\/p>\n\t\t<\/div>\n\t\t<div class=\"col-12 col-sm-6\">\n\t\t\t<p><span class=\"wpcf7-form-control-wrap\" data-name=\"last_name\"><input size=\"40\" maxlength=\"400\" class=\"wpcf7-form-control wpcf7-text wpcf7-validates-as-required\" aria-required=\"true\" aria-invalid=\"false\" placeholder=\"Last\" value=\"\" type=\"text\" name=\"last_name\" \/><\/span>\n\t\t\t<\/p>\n\t\t<\/div>\n\t<\/div>\n\t<div class=\"row\">\n\t\t<div class=\"col-12\">\n\t\t\t<p>Contact information <span>*<\/span>\n\t\t\t<\/p>\n\t\t<\/div>\n\t<\/div>\n\t<div class=\"row\">\n\t\t<div class=\"col-12 col-sm-6\">\n\t\t\t<p><span class=\"wpcf7-form-control-wrap\" data-name=\"email\"><input size=\"40\" maxlength=\"400\" class=\"wpcf7-form-control wpcf7-email wpcf7-validates-as-required wpcf7-text wpcf7-validates-as-email\" aria-required=\"true\" aria-invalid=\"false\" placeholder=\"Email\" value=\"\" type=\"email\" name=\"email\" \/><\/span>\n\t\t\t<\/p>\n\t\t<\/div>\n\t\t<div class=\"col-12 col-sm-6\">\n\t\t\t<p><span class=\"wpcf7-form-control-wrap\" data-name=\"phone\"><input size=\"40\" maxlength=\"400\" class=\"wpcf7-form-control wpcf7-text wpcf7-validates-as-required\" aria-required=\"true\" aria-invalid=\"false\" placeholder=\"Phone\" value=\"\" type=\"text\" name=\"phone\" \/><\/span>\n\t\t\t<\/p>\n\t\t<\/div>\n\t<\/div>\n\t<div class=\"row\">\n\t\t<div class=\"col-12\">\n\t\t\t<p>Agency information <span>*<\/span>\n\t\t\t<\/p>\n\t\t<\/div>\n\t<\/div>\n\t<div class=\"row\">\n\t\t<div class=\"col-12 col-sm-6\">\n\t\t\t<p><span class=\"wpcf7-form-control-wrap\" data-name=\"agency_name\"><input size=\"40\" maxlength=\"400\" class=\"wpcf7-form-control wpcf7-text wpcf7-validates-as-required\" aria-required=\"true\" aria-invalid=\"false\" placeholder=\"Name\" value=\"\" type=\"text\" name=\"agency_name\" \/><\/span>\n\t\t\t<\/p>\n\t\t<\/div>\n\t\t<div class=\"col-12 col-sm-6\">\n\t\t\t<p><span class=\"wpcf7-form-control-wrap\" data-name=\"agency_country\"><input size=\"40\" maxlength=\"400\" class=\"wpcf7-form-control wpcf7-text wpcf7-validates-as-required\" aria-required=\"true\" aria-invalid=\"false\" placeholder=\"Country\" value=\"\" type=\"text\" name=\"agency_country\" \/><\/span>\n\t\t\t<\/p>\n\t\t<\/div>\n\t<\/div>\n\t<div class=\"row\">\n\t\t<div class=\"col-12\">\n\t\t\t<p>Additional comments\n\t\t\t<\/p>\n\t\t\t<p><span class=\"wpcf7-form-control-wrap\" data-name=\"comments\"><textarea cols=\"40\" rows=\"10\" maxlength=\"2000\" class=\"wpcf7-form-control wpcf7-textarea\" aria-invalid=\"false\" name=\"comments\"><\/textarea><\/span>\n\t\t\t<\/p>\n\t\t<\/div>\n\t<\/div>\n\t<div class=\"row\">\n\t\t<div class=\"col-12\">\n\t\t\t<div class=\"submit\">\n\t\t\t\t<p><input class=\"wpcf7-form-control wpcf7-submit has-spinner\" type=\"submit\" value=\"Send\" \/>\n\t\t\t\t<\/p>\n\t\t\t<\/div>\n\t\t<\/div>\n\t<\/div>\n<\/div><div class=\"wpcf7-response-output\" aria-hidden=\"true\"><\/div>\n<\/form>\n<\/div>\n\n<hr class=\"my-5\">\n<p>                <!-- Video --><\/p>\n<div class=\"embed-responsive embed-responsive-16by9\">\n                    <iframe class=\"embed-responsive-item\" src=\"https:\/\/www.youtube.com\/embed\/E8sa8ccYz6A\" allowfullscreen><\/iframe>\n                <\/div>\n<\/p><\/div>\n<\/p><\/div>\n<\/p><\/div>\n<\/section>\n","protected":false},"excerpt":{"rendered":"<p>Alianzas B2B Forj\u00e1 una alianza con un operador responsable, innovador y enfocado en el cliente, especializado en experiencias culturales inmersivas. Clicke\u00e1 para m\u00e1s informaci\u00f3n Estimados colegas de agencias de viajes, DMCs y revendedores: Nuestro acuerdo comercial con las Destination Management Companies (DMCs), tanto locales como internacionales, es una colaboraci\u00f3n beneficiosa para ambas partes. Las DMCs [&#8230;]<\/p>\n<p><a class=\"btn btn-secondary understrap-read-more-link\" href=\"https:\/\/bikingbuenosaires.com\/es\/agencias\/\">Leer m\u00e1s&#8230;<\/a><\/p>\n","protected":false},"author":1,"featured_media":3600,"parent":0,"menu_order":25,"comment_status":"closed","ping_status":"closed","template":"","meta":{"_acf_changed":false,"footnotes":""},"class_list":["post-1114","page","type-page","status-publish","has-post-thumbnail","hentry"],"acf":[],"yoast_head":"<!-- This site is optimized with the Yoast SEO plugin v27.2 - https:\/\/yoast.com\/product\/yoast-seo-wordpress\/ -->\n<title>Agencia viaje Buenos Aires - Grupos &amp; MICE - Biking Buenos Aires<\/title>\n<meta name=\"description\" content=\"Agencias de viajes para tours en Buenos Aires. Compa\u00f1eros de Agencias de Viajes, y Revendedores sostenemos nuestra oferta de servicios B2B\" \/>\n<meta name=\"robots\" content=\"index, follow, max-snippet:-1, max-image-preview:large, max-video-preview:-1\" \/>\n<link rel=\"canonical\" href=\"https:\/\/bikingbuenosaires.com\/es\/agencias\/\" \/>\n<meta property=\"og:locale\" content=\"es_ES\" \/>\n<meta property=\"og:type\" content=\"article\" \/>\n<meta property=\"og:title\" content=\"Agencia viaje Buenos Aires - Grupos &amp; MICE - Biking Buenos Aires\" \/>\n<meta property=\"og:description\" content=\"Agencias de viajes para tours en Buenos Aires. Compa\u00f1eros de Agencias de Viajes, y Revendedores sostenemos nuestra oferta de servicios B2B\" \/>\n<meta property=\"og:url\" content=\"https:\/\/bikingbuenosaires.com\/es\/agencias\/\" \/>\n<meta property=\"og:site_name\" content=\"Biking Buenos Aires\" \/>\n<meta property=\"article:modified_time\" content=\"2026-02-08T21:12:34+00:00\" \/>\n<meta property=\"og:image\" content=\"https:\/\/bikingbuenosaires.com\/wp-content\/uploads\/2024\/10\/53-1024x576.png\" \/>\n\t<meta property=\"og:image:width\" content=\"1024\" \/>\n\t<meta property=\"og:image:height\" content=\"576\" \/>\n\t<meta property=\"og:image:type\" content=\"image\/png\" \/>\n<meta name=\"twitter:card\" content=\"summary_large_image\" \/>\n<meta name=\"twitter:label1\" content=\"Tiempo de lectura\" \/>\n\t<meta name=\"twitter:data1\" content=\"1 minuto\" \/>\n<script type=\"application\/ld+json\" class=\"yoast-schema-graph\">{\"@context\":\"https:\/\/schema.org\",\"@graph\":[{\"@type\":\"WebPage\",\"@id\":\"https:\/\/bikingbuenosaires.com\/es\/agencias\/\",\"url\":\"https:\/\/bikingbuenosaires.com\/es\/agencias\/\",\"name\":\"Agencia viaje Buenos Aires - Grupos & MICE - Biking Buenos Aires\",\"isPartOf\":{\"@id\":\"https:\/\/bikingbuenosaires.com\/es\/#website\"},\"primaryImageOfPage\":{\"@id\":\"https:\/\/bikingbuenosaires.com\/es\/agencias\/#primaryimage\"},\"image\":{\"@id\":\"https:\/\/bikingbuenosaires.com\/es\/agencias\/#primaryimage\"},\"thumbnailUrl\":\"https:\/\/bikingbuenosaires.com\/wp-content\/uploads\/2024\/10\/53.png\",\"datePublished\":\"2019-12-12T12:58:59+00:00\",\"dateModified\":\"2026-02-08T21:12:34+00:00\",\"description\":\"Agencias de viajes para tours en Buenos Aires. Compa\u00f1eros de Agencias de Viajes, y Revendedores sostenemos nuestra oferta de servicios B2B\",\"breadcrumb\":{\"@id\":\"https:\/\/bikingbuenosaires.com\/es\/agencias\/#breadcrumb\"},\"inLanguage\":\"es\",\"potentialAction\":[{\"@type\":\"ReadAction\",\"target\":[\"https:\/\/bikingbuenosaires.com\/es\/agencias\/\"]}]},{\"@type\":\"ImageObject\",\"inLanguage\":\"es\",\"@id\":\"https:\/\/bikingbuenosaires.com\/es\/agencias\/#primaryimage\",\"url\":\"https:\/\/bikingbuenosaires.com\/wp-content\/uploads\/2024\/10\/53.png\",\"contentUrl\":\"https:\/\/bikingbuenosaires.com\/wp-content\/uploads\/2024\/10\/53.png\",\"width\":1920,\"height\":1080,\"caption\":\"Mice and groups. DMC\"},{\"@type\":\"BreadcrumbList\",\"@id\":\"https:\/\/bikingbuenosaires.com\/es\/agencias\/#breadcrumb\",\"itemListElement\":[{\"@type\":\"ListItem\",\"position\":1,\"name\":\"Home\",\"item\":\"https:\/\/bikingbuenosaires.com\/es\/\"},{\"@type\":\"ListItem\",\"position\":2,\"name\":\"Grupos &#038; MICE\"}]},{\"@type\":\"WebSite\",\"@id\":\"https:\/\/bikingbuenosaires.com\/es\/#website\",\"url\":\"https:\/\/bikingbuenosaires.com\/es\/\",\"name\":\"Biking Buenos Aires\",\"description\":\"Seamless adventures on two wheels. We design shortcuts to Porte\u00f1o cultures for demanding travelers in a rush. Book online!\",\"publisher\":{\"@id\":\"https:\/\/bikingbuenosaires.com\/es\/#organization\"},\"potentialAction\":[{\"@type\":\"SearchAction\",\"target\":{\"@type\":\"EntryPoint\",\"urlTemplate\":\"https:\/\/bikingbuenosaires.com\/es\/?s={search_term_string}\"},\"query-input\":{\"@type\":\"PropertyValueSpecification\",\"valueRequired\":true,\"valueName\":\"search_term_string\"}}],\"inLanguage\":\"es\"},{\"@type\":\"Organization\",\"@id\":\"https:\/\/bikingbuenosaires.com\/es\/#organization\",\"name\":\"Biking Buenos Aires\",\"url\":\"https:\/\/bikingbuenosaires.com\/es\/\",\"logo\":{\"@type\":\"ImageObject\",\"inLanguage\":\"es\",\"@id\":\"https:\/\/bikingbuenosaires.com\/es\/#\/schema\/logo\/image\/\",\"url\":\"https:\/\/bikingbuenosaires.com\/wp-content\/uploads\/2019\/09\/logo-sticky.png\",\"contentUrl\":\"https:\/\/bikingbuenosaires.com\/wp-content\/uploads\/2019\/09\/logo-sticky.png\",\"width\":72,\"height\":21,\"caption\":\"Biking Buenos Aires\"},\"image\":{\"@id\":\"https:\/\/bikingbuenosaires.com\/es\/#\/schema\/logo\/image\/\"}}]}<\/script>\n<!-- \/ Yoast SEO plugin. -->","yoast_head_json":{"title":"Agencia viaje Buenos Aires - Grupos & MICE - Biking Buenos Aires","description":"Agencias de viajes para tours en Buenos Aires. Compa\u00f1eros de Agencias de Viajes, y Revendedores sostenemos nuestra oferta de servicios B2B","robots":{"index":"index","follow":"follow","max-snippet":"max-snippet:-1","max-image-preview":"max-image-preview:large","max-video-preview":"max-video-preview:-1"},"canonical":"https:\/\/bikingbuenosaires.com\/es\/agencias\/","og_locale":"es_ES","og_type":"article","og_title":"Agencia viaje Buenos Aires - Grupos & MICE - Biking Buenos Aires","og_description":"Agencias de viajes para tours en Buenos Aires. Compa\u00f1eros de Agencias de Viajes, y Revendedores sostenemos nuestra oferta de servicios B2B","og_url":"https:\/\/bikingbuenosaires.com\/es\/agencias\/","og_site_name":"Biking Buenos Aires","article_modified_time":"2026-02-08T21:12:34+00:00","og_image":[{"width":1024,"height":576,"url":"https:\/\/bikingbuenosaires.com\/wp-content\/uploads\/2024\/10\/53-1024x576.png","type":"image\/png"}],"twitter_card":"summary_large_image","twitter_misc":{"Tiempo de lectura":"1 minuto"},"schema":{"@context":"https:\/\/schema.org","@graph":[{"@type":"WebPage","@id":"https:\/\/bikingbuenosaires.com\/es\/agencias\/","url":"https:\/\/bikingbuenosaires.com\/es\/agencias\/","name":"Agencia viaje Buenos Aires - Grupos & MICE - Biking Buenos Aires","isPartOf":{"@id":"https:\/\/bikingbuenosaires.com\/es\/#website"},"primaryImageOfPage":{"@id":"https:\/\/bikingbuenosaires.com\/es\/agencias\/#primaryimage"},"image":{"@id":"https:\/\/bikingbuenosaires.com\/es\/agencias\/#primaryimage"},"thumbnailUrl":"https:\/\/bikingbuenosaires.com\/wp-content\/uploads\/2024\/10\/53.png","datePublished":"2019-12-12T12:58:59+00:00","dateModified":"2026-02-08T21:12:34+00:00","description":"Agencias de viajes para tours en Buenos Aires. Compa\u00f1eros de Agencias de Viajes, y Revendedores sostenemos nuestra oferta de servicios B2B","breadcrumb":{"@id":"https:\/\/bikingbuenosaires.com\/es\/agencias\/#breadcrumb"},"inLanguage":"es","potentialAction":[{"@type":"ReadAction","target":["https:\/\/bikingbuenosaires.com\/es\/agencias\/"]}]},{"@type":"ImageObject","inLanguage":"es","@id":"https:\/\/bikingbuenosaires.com\/es\/agencias\/#primaryimage","url":"https:\/\/bikingbuenosaires.com\/wp-content\/uploads\/2024\/10\/53.png","contentUrl":"https:\/\/bikingbuenosaires.com\/wp-content\/uploads\/2024\/10\/53.png","width":1920,"height":1080,"caption":"Mice and groups. DMC"},{"@type":"BreadcrumbList","@id":"https:\/\/bikingbuenosaires.com\/es\/agencias\/#breadcrumb","itemListElement":[{"@type":"ListItem","position":1,"name":"Home","item":"https:\/\/bikingbuenosaires.com\/es\/"},{"@type":"ListItem","position":2,"name":"Grupos &#038; MICE"}]},{"@type":"WebSite","@id":"https:\/\/bikingbuenosaires.com\/es\/#website","url":"https:\/\/bikingbuenosaires.com\/es\/","name":"Biking Buenos Aires","description":"Seamless adventures on two wheels. We design shortcuts to Porte\u00f1o cultures for demanding travelers in a rush. Book online!","publisher":{"@id":"https:\/\/bikingbuenosaires.com\/es\/#organization"},"potentialAction":[{"@type":"SearchAction","target":{"@type":"EntryPoint","urlTemplate":"https:\/\/bikingbuenosaires.com\/es\/?s={search_term_string}"},"query-input":{"@type":"PropertyValueSpecification","valueRequired":true,"valueName":"search_term_string"}}],"inLanguage":"es"},{"@type":"Organization","@id":"https:\/\/bikingbuenosaires.com\/es\/#organization","name":"Biking Buenos Aires","url":"https:\/\/bikingbuenosaires.com\/es\/","logo":{"@type":"ImageObject","inLanguage":"es","@id":"https:\/\/bikingbuenosaires.com\/es\/#\/schema\/logo\/image\/","url":"https:\/\/bikingbuenosaires.com\/wp-content\/uploads\/2019\/09\/logo-sticky.png","contentUrl":"https:\/\/bikingbuenosaires.com\/wp-content\/uploads\/2019\/09\/logo-sticky.png","width":72,"height":21,"caption":"Biking Buenos Aires"},"image":{"@id":"https:\/\/bikingbuenosaires.com\/es\/#\/schema\/logo\/image\/"}}]}},"_links":{"self":[{"href":"https:\/\/bikingbuenosaires.com\/es\/wp-json\/wp\/v2\/pages\/1114","targetHints":{"allow":["GET"]}}],"collection":[{"href":"https:\/\/bikingbuenosaires.com\/es\/wp-json\/wp\/v2\/pages"}],"about":[{"href":"https:\/\/bikingbuenosaires.com\/es\/wp-json\/wp\/v2\/types\/page"}],"author":[{"embeddable":true,"href":"https:\/\/bikingbuenosaires.com\/es\/wp-json\/wp\/v2\/users\/1"}],"replies":[{"embeddable":true,"href":"https:\/\/bikingbuenosaires.com\/es\/wp-json\/wp\/v2\/comments?post=1114"}],"version-history":[{"count":30,"href":"https:\/\/bikingbuenosaires.com\/es\/wp-json\/wp\/v2\/pages\/1114\/revisions"}],"predecessor-version":[{"id":4088,"href":"https:\/\/bikingbuenosaires.com\/es\/wp-json\/wp\/v2\/pages\/1114\/revisions\/4088"}],"wp:featuredmedia":[{"embeddable":true,"href":"https:\/\/bikingbuenosaires.com\/es\/wp-json\/wp\/v2\/media\/3600"}],"wp:attachment":[{"href":"https:\/\/bikingbuenosaires.com\/es\/wp-json\/wp\/v2\/media?parent=1114"}],"curies":[{"name":"wp","href":"https:\/\/api.w.org\/{rel}","templated":true}]}}